{"id":5075,"date":"2024-03-11T13:21:18","date_gmt":"2024-03-11T12:21:18","guid":{"rendered":"https:\/\/grundschule-kleinblittersdorf.de\/?page_id=5075"},"modified":"2025-03-28T07:21:41","modified_gmt":"2025-03-28T06:21:41","slug":"leitbild-2","status":"publish","type":"page","link":"https:\/\/grundschule-kleinblittersdorf.de\/?page_id=5075","title":{"rendered":"Leitbild"},"content":{"rendered":"\n<div class=\"wp-block-image\"><figure class=\"aligncenter size-full\"><a href=\"https:\/\/grundschule-kleinblittersdorf.de\/wp-content\/uploads\/2024\/03\/Bild-homepage.png\"><img loading=\"lazy\" width=\"806\" height=\"340\" src=\"https:\/\/grundschule-kleinblittersdorf.de\/wp-content\/uploads\/2024\/03\/Bild-homepage.png\" alt=\"\" class=\"wp-image-5087\" srcset=\"https:\/\/grundschule-kleinblittersdorf.de\/wp-content\/uploads\/2024\/03\/Bild-homepage.png 806w, https:\/\/grundschule-kleinblittersdorf.de\/wp-content\/uploads\/2024\/03\/Bild-homepage-300x127.png 300w, https:\/\/grundschule-kleinblittersdorf.de\/wp-content\/uploads\/2024\/03\/Bild-homepage-768x324.png 768w\" sizes=\"(max-width: 806px) 100vw, 806px\" \/><\/a><\/figure><\/div>\n\n\n\n<p class=\"has-text-align-center\"><strong><u>Identit\u00e4t und Auftrag der Schule<\/u><\/strong><strong><\/strong><\/p>\n\n\n\n<p class=\"has-text-align-center\">Wir haben Freude am Lernen.<\/p>\n\n\n\n<p class=\"has-text-align-center\">Wir arbeiten gemeinsam mit Herz, Hand und Verstand.<\/p>\n\n\n\n<p class=\"has-text-align-center\">Wir achten auf eine kinderzentrierte P\u00e4dagogik.<\/p>\n\n\n\n<p class=\"has-text-align-center\">Wir leben Toleranz.<\/p>\n\n\n\n<p class=\"has-text-align-center\">Wir sch\u00fctzen unsere Kinder vor Gewalt.<\/p>\n\n\n\n<p><\/p>\n\n\n\n<p><\/p>\n\n\n\n<p><\/p>\n\n\n\n<p class=\"has-text-align-center\"><strong><u>Werte und Erziehung<\/u><\/strong><\/p>\n\n\n\n<p class=\"has-text-align-center\">Wir begegnen einander freundlich und mit Respekt.<\/p>\n\n\n\n<p class=\"has-text-align-center\">Wir halten uns alle an die Schulordnung.<\/p>\n\n\n\n<p class=\"has-text-align-center\">Wir achten auf eine gute Atmosph\u00e4re.<\/p>\n\n\n\n<p><\/p>\n\n\n\n<p><\/p>\n\n\n\n<p class=\"has-text-align-center\"><strong><u>Unterricht: Lernen mit Herz, Hand und Verstand<\/u><\/strong><\/p>\n\n\n\n<p class=\"has-text-align-center\">Unser Unterricht motiviert unsere Sch\u00fclerinnen und Sch\u00fcler durch soziales, handlungs- und erlebnisorientiertes Lernen in einer respektvollen und ruhigen Lernatmosph\u00e4re.<\/p>\n\n\n\n<p class=\"has-text-align-center\">Wir sind eine Gesundheitsschule.<\/p>\n\n\n\n<p class=\"has-text-align-center\">Wir unterrichten Franz\u00f6sisch ab Klassenstufe 1.<\/p>\n\n\n\n<p><\/p>\n\n\n\n<p><\/p>\n\n\n\n<p class=\"has-text-align-center\"><strong><u>Zusammenarbeit<\/u><\/strong><\/p>\n\n\n\n<p class=\"has-text-align-center\">Wir vernetzen unsere Schule.<\/p>\n\n\n\n<p class=\"has-text-align-center\">Unsere Schule ist ein Team.<\/p>\n\n\n\n<p><\/p>\n\n\n\n<p><\/p>\n\n\n\n<p class=\"has-text-align-center\"><strong><u>Schulleben<\/u><\/strong><\/p>\n\n\n\n<p class=\"has-text-align-center\">Unser Schulleben zeigt sich vertrauensvoll, verantwortungsbewusst, vielf\u00e4ltig und lebendig.<\/p>\n\n\n\n<p class=\"has-text-align-center\">Wir arbeiten eng mit Eltern zusammen.<\/p>\n\n\n\n<p class=\"has-text-align-center\">Wir leben kulturelle Angebote.<\/p>\n\n\n\n<p class=\"has-text-align-center\">Au\u00dferschulische Lernorte bereichern unseren Unterricht.<\/p>\n\n\n\n<p class=\"has-text-align-center\">Wir setzen auf tiergest\u00fctzte P\u00e4dagogik.<\/p>\n\n\n\n<p><\/p>\n\n\n\n<p><\/p>\n\n\n\n<p><\/p>\n\n\n\n<p class=\"has-text-align-center\"><strong><u>Bildung f\u00fcr Nachhaltige Entwicklung (BNE<\/u><\/strong><\/p>\n\n\n\n<p class=\"has-text-align-center\">Wir engagieren uns im Naturschutz.<\/p>\n\n\n\n<p class=\"has-text-align-center\">Wir leben Nachhaltigkeit auch als Herausforderung.<\/p>\n\n\n\n<p class=\"has-text-align-center\">Wir achten auf Gesundheit.<\/p>\n\n\n\n<p class=\"has-text-align-center\">Wir leben Demokratie.<\/p>\n\n\n\n<p class=\"has-text-align-center\">Wir trennen M\u00fcll und vermeiden ihn nach M\u00f6glichkeit.<\/p>\n\n\n\n<p class=\"has-text-align-center\">Wir kooperieren mit au\u00dferschulischen Partnern.<\/p>\n\n\n\n<p class=\"has-text-align-center\">Wir nehmen unsere gesellschaftliche Verantwortung ernst.<\/p>\n\n\n\n<p class=\"has-text-align-center\">Wir verankern die \u201eSDG\u00b4s\u201c im Schulleben.<\/p>\n\n\n\n<p><\/p>\n\n\n\n<p><a href=\"https:\/\/grundschule-kleinblittersdorf.de\/wp-content\/uploads\/2025\/03\/Leitbild-ausfu\u0308hrlich.pdf\">Hier<\/a> finden Sie unser Leitbild.<\/p>\n\n\n\n<p><\/p>\n\n\n\n<p><\/p>\n\n\n\n<p><\/p>\n\n\n\n<p><\/p>\n\n\n\n<p><\/p>\n","protected":false},"excerpt":{"rendered":"<p>Identit\u00e4t und Auftrag der Schule Wir haben Freude am Lernen. Wir arbeiten gemeinsam mit Herz, Hand und Verstand. Wir achten auf eine kinderzentrierte P\u00e4dagogik. Wir leben Toleranz. Wir sch\u00fctzen unsere Kinder vor Gewalt. Werte und Erziehung Wir begegnen einander freundlich und mit Respekt. Wir halten uns alle an die Schulordnung. Wir achten auf eine gute [&hellip;]<\/p>\n","protected":false},"author":16,"featured_media":0,"parent":0,"menu_order":0,"comment_status":"closed","ping_status":"closed","template":"","meta":[],"_links":{"self":[{"href":"https:\/\/grundschule-kleinblittersdorf.de\/index.php?rest_route=\/wp\/v2\/pages\/5075"}],"collection":[{"href":"https:\/\/grundschule-kleinblittersdorf.de\/index.php?rest_route=\/wp\/v2\/pages"}],"about":[{"href":"https:\/\/grundschule-kleinblittersdorf.de\/index.php?rest_route=\/wp\/v2\/types\/page"}],"author":[{"embeddable":true,"href":"https:\/\/grundschule-kleinblittersdorf.de\/index.php?rest_route=\/wp\/v2\/users\/16"}],"replies":[{"embeddable":true,"href":"https:\/\/grundschule-kleinblittersdorf.de\/index.php?rest_route=%2Fwp%2Fv2%2Fcomments&post=5075"}],"version-history":[{"count":9,"href":"https:\/\/grundschule-kleinblittersdorf.de\/index.php?rest_route=\/wp\/v2\/pages\/5075\/revisions"}],"predecessor-version":[{"id":5459,"href":"https:\/\/grundschule-kleinblittersdorf.de\/index.php?rest_route=\/wp\/v2\/pages\/5075\/revisions\/5459"}],"wp:attachment":[{"href":"https:\/\/grundschule-kleinblittersdorf.de\/index.php?rest_route=%2Fwp%2Fv2%2Fmedia&parent=5075"}],"curies":[{"name":"wp","href":"https:\/\/api.w.org\/{rel}","templated":true}]}}