{"id":4019,"date":"2022-03-03T14:45:17","date_gmt":"2022-03-03T13:45:17","guid":{"rendered":"https:\/\/grundschule-kleinblittersdorf.de\/?page_id=4019"},"modified":"2022-03-03T14:51:09","modified_gmt":"2022-03-03T13:51:09","slug":"schulseelsorge","status":"publish","type":"page","link":"https:\/\/grundschule-kleinblittersdorf.de\/?page_id=4019","title":{"rendered":"Schulseelsorge"},"content":{"rendered":"\n<p>Die Schulseelsorge versteht sich als ein besonderes Arbeitsfeld im Bereich der Schule. Denn Schule ist nicht nur ein Lernort, sondern auch ein Lebensraum f\u00fcr die Sch\u00fclerinnen und Sch\u00fcler. Dabei geht es neben dem Lernen auch um Herz und Seele, Freude und Traurigkeiten, Sorgen und Probleme jedes einzelnen.<br>Somit ist Schulseelsorge Lebensbegleitung im Lebensraum Schule und ein Angebot f\u00fcr Sch\u00fclerinnen und Sch\u00fcler, f\u00fcr Eltern und Lehrer.<br><br><\/p>\n\n\n\n<p><strong><u>Schulseelsorge:<\/u><\/strong><\/p>\n\n\n\n<ul><li>Hat ein offenes Ohr f\u00fcr die Fragen und Probleme, Gef\u00fchle und Gedanken, f\u00fcr alles, was Kinder, Jugendliche oder Erwachsene loswerden wollen \u2013> Sorgen von der Seele reden<\/li><li>St\u00e4rkt und ermutigt in schwierigen Momenten<\/li><li>Nimmt Sch\u00fclerinnen und Sch\u00fcler mit ihren Fragen wahr und ernst<\/li><li>Unterst\u00fctzung bei Abschieds-, Trennungs-, und Verlusterfahrungen<\/li><li>Begleitung bei pers\u00f6nlichen Schicksalsschl\u00e4gen oder in Krisensituationen<\/li><li>Aufgreifen von Sinn- und Lebensfragen<\/li><li>Beistand in Trauersituationen<\/li><li>Hat einen Blick auf respektvollen und wertsch\u00e4tzenden Umgang miteinander<\/li><li>Gemeinsames Nachdenken \u00fcber Sinn- und Glaubensfragen (bei schulischen Veranstaltungen oder wenn gew\u00fcnscht)<\/li><li>Bietet spirituelle, meditative und religi\u00f6se Angebote, wenn gew\u00fcnscht<\/li><li>Vertrauliche Gespr\u00e4che \u2013 nicht religions- oder konfessionsgebunden<\/li><\/ul>\n\n\n\n<p><strong><u>Kontakt:<\/u><\/strong><\/p>\n\n\n\n<p>Solltet ihr ein pers\u00f6nliches Gespr\u00e4ch w\u00fcnschen, sprecht mich einfach an oder legt mir eine Notiz in mein Fach.<\/p>\n\n\n\n<p>Auch Eltern haben die M\u00f6glichkeit, sich f\u00fcr ein vertrauliches Gespr\u00e4ch im Rahmen der Schulseelsorge anzumelden. Sie k\u00f6nnen mich \u00fcber die Mailadresse der Schule erreichen, telefonisch einen Gespr\u00e4chswunsch \u00e4u\u00dfern oder Ihrem Kind einen Brief mitgeben.<br><br><\/p>\n\n\n\n<p><em>&nbsp;Ihre Schulseelsorgerin T. Minor<\/em><\/p>\n\n\n\n<p><em>Lehrerin, Diplom-P\u00e4dagogin, Mediatorin<\/em><\/p>\n","protected":false},"excerpt":{"rendered":"<p>Die Schulseelsorge versteht sich als ein besonderes Arbeitsfeld im Bereich der Schule. Denn Schule ist nicht nur ein Lernort, sondern auch ein Lebensraum f\u00fcr die Sch\u00fclerinnen und Sch\u00fcler. Dabei geht es neben dem Lernen auch um Herz und Seele, Freude und Traurigkeiten, Sorgen und Probleme jedes einzelnen.Somit ist Schulseelsorge Lebensbegleitung im Lebensraum Schule und ein [&hellip;]<\/p>\n","protected":false},"author":1,"featured_media":0,"parent":0,"menu_order":0,"comment_status":"closed","ping_status":"closed","template":"","meta":[],"_links":{"self":[{"href":"https:\/\/grundschule-kleinblittersdorf.de\/index.php?rest_route=\/wp\/v2\/pages\/4019"}],"collection":[{"href":"https:\/\/grundschule-kleinblittersdorf.de\/index.php?rest_route=\/wp\/v2\/pages"}],"about":[{"href":"https:\/\/grundschule-kleinblittersdorf.de\/index.php?rest_route=\/wp\/v2\/types\/page"}],"author":[{"embeddable":true,"href":"https:\/\/grundschule-kleinblittersdorf.de\/index.php?rest_route=\/wp\/v2\/users\/1"}],"replies":[{"embeddable":true,"href":"https:\/\/grundschule-kleinblittersdorf.de\/index.php?rest_route=%2Fwp%2Fv2%2Fcomments&post=4019"}],"version-history":[{"count":2,"href":"https:\/\/grundschule-kleinblittersdorf.de\/index.php?rest_route=\/wp\/v2\/pages\/4019\/revisions"}],"predecessor-version":[{"id":4023,"href":"https:\/\/grundschule-kleinblittersdorf.de\/index.php?rest_route=\/wp\/v2\/pages\/4019\/revisions\/4023"}],"wp:attachment":[{"href":"https:\/\/grundschule-kleinblittersdorf.de\/index.php?rest_route=%2Fwp%2Fv2%2Fmedia&parent=4019"}],"curies":[{"name":"wp","href":"https:\/\/api.w.org\/{rel}","templated":true}]}}