{"id":3836,"date":"2021-11-29T11:36:31","date_gmt":"2021-11-29T10:36:31","guid":{"rendered":"https:\/\/grundschule-kleinblittersdorf.de\/?page_id=3836"},"modified":"2023-05-25T07:22:28","modified_gmt":"2023-05-25T05:22:28","slug":"buecherei","status":"publish","type":"page","link":"https:\/\/grundschule-kleinblittersdorf.de\/?page_id=3836","title":{"rendered":"B\u00fccherei"},"content":{"rendered":"\n<figure class=\"wp-block-image size-full\"><a href=\"https:\/\/grundschule-kleinblittersdorf.de\/wp-content\/uploads\/2023\/05\/Urkunde-Buecherei.jpg\"><img loading=\"lazy\" width=\"613\" height=\"861\" src=\"https:\/\/grundschule-kleinblittersdorf.de\/wp-content\/uploads\/2023\/05\/Urkunde-Buecherei.jpg\" alt=\"\" class=\"wp-image-4555\" srcset=\"https:\/\/grundschule-kleinblittersdorf.de\/wp-content\/uploads\/2023\/05\/Urkunde-Buecherei.jpg 613w, https:\/\/grundschule-kleinblittersdorf.de\/wp-content\/uploads\/2023\/05\/Urkunde-Buecherei-214x300.jpg 214w\" sizes=\"(max-width: 613px) 100vw, 613px\" \/><\/a><\/figure>\n\n\n\n<p>Jeden Dienstag \u00f6ffnet die schuleigene B\u00fccherei ihre T\u00fcren. Das Team begr\u00fc\u00dft die Klassen von 8 bis 10:30 Uhr und l\u00e4dt zum st\u00f6bern, lesen und ausleihen ein. Bis zu zwei Medien gleichzeitig k\u00f6nnen f\u00fcr zwei Wochen geliehen werden. Um allen Kindern gleicherma\u00dfen den Zugang zu erm\u00f6glichen, fallen keine Geb\u00fchren f\u00fcr die Ausleihe an. Eine gro\u00dfe Auswahl an Bilderb\u00fcchern, Erstleserb\u00fcchern und Sachb\u00fcchern stehen zur Verf\u00fcgung. Geschichten von Detektiven, Hexen, Pferden und allerhand anderer Abenteuer runden das Angebot ab.<br><\/p>\n\n\n\n<p>Im letzten Jahr konnten wir die B\u00fccherei neu sortieren und digitalisieren. Au\u00dferdem ist es dank einiger Sitzkissen gem\u00fctlicher geworden und die Kinder finden sich in den neuen Kategorien deutlich besser zurecht.<br><br>Unser Team besteht aus freiwilligen Helfern aus der Elternschaft. Ohne diese w\u00e4re der B\u00fcchereibetrieb nicht m\u00f6glich. Wir suchen immer nach Unterst\u00fctzung, gerne auch Springer, da uns jedes Schuljahr wieder Familien verlassen.<br><\/p>\n\n\n\n<p>Wir freuen uns \u00fcber Anregungen und stehen auch f\u00fcr Kritik und Fragen gern zur Verf\u00fcgung.<\/p>\n\n\n\n<p><\/p>\n\n\n\n<p>Einen weiteren Bericht \u00fcber die B\u00fccherei finden Sie <a href=\"https:\/\/grundschule-kleinblittersdorf.de\/?p=4437\">hier<\/a>.<\/p>\n\n\n\n<p><\/p>\n\n\n\n<p><\/p>\n\n\n\n<figure class=\"wp-block-gallery columns-3 is-cropped\"><ul class=\"blocks-gallery-grid\"><li class=\"blocks-gallery-item\"><figure><a href=\"https:\/\/grundschule-kleinblittersdorf.de\/wp-content\/uploads\/2022\/12\/IMG_20221206_111314-1-scaled.jpg\"><img loading=\"lazy\" width=\"1024\" height=\"768\" src=\"https:\/\/grundschule-kleinblittersdorf.de\/wp-content\/uploads\/2022\/12\/IMG_20221206_111314-1-1024x768.jpg\" alt=\"\" data-id=\"4290\" data-full-url=\"https:\/\/grundschule-kleinblittersdorf.de\/wp-content\/uploads\/2022\/12\/IMG_20221206_111314-1-scaled.jpg\" data-link=\"https:\/\/grundschule-kleinblittersdorf.de\/?attachment_id=4290\" class=\"wp-image-4290\" srcset=\"https:\/\/grundschule-kleinblittersdorf.de\/wp-content\/uploads\/2022\/12\/IMG_20221206_111314-1-1024x768.jpg 1024w, https:\/\/grundschule-kleinblittersdorf.de\/wp-content\/uploads\/2022\/12\/IMG_20221206_111314-1-300x225.jpg 300w, https:\/\/grundschule-kleinblittersdorf.de\/wp-content\/uploads\/2022\/12\/IMG_20221206_111314-1-768x576.jpg 768w, https:\/\/grundschule-kleinblittersdorf.de\/wp-content\/uploads\/2022\/12\/IMG_20221206_111314-1-1536x1152.jpg 1536w, https:\/\/grundschule-kleinblittersdorf.de\/wp-content\/uploads\/2022\/12\/IMG_20221206_111314-1-2048x1536.jpg 2048w\" sizes=\"(max-width: 1024px) 100vw, 1024px\" \/><\/a><\/figure><\/li><li class=\"blocks-gallery-item\"><figure><a href=\"https:\/\/grundschule-kleinblittersdorf.de\/wp-content\/uploads\/2022\/12\/IMG_20221206_111227-scaled.jpg\"><img loading=\"lazy\" width=\"1024\" height=\"768\" src=\"https:\/\/grundschule-kleinblittersdorf.de\/wp-content\/uploads\/2022\/12\/IMG_20221206_111227-1024x768.jpg\" alt=\"\" data-id=\"4286\" data-full-url=\"https:\/\/grundschule-kleinblittersdorf.de\/wp-content\/uploads\/2022\/12\/IMG_20221206_111227-scaled.jpg\" data-link=\"https:\/\/grundschule-kleinblittersdorf.de\/?attachment_id=4286\" class=\"wp-image-4286\" srcset=\"https:\/\/grundschule-kleinblittersdorf.de\/wp-content\/uploads\/2022\/12\/IMG_20221206_111227-1024x768.jpg 1024w, https:\/\/grundschule-kleinblittersdorf.de\/wp-content\/uploads\/2022\/12\/IMG_20221206_111227-300x225.jpg 300w, https:\/\/grundschule-kleinblittersdorf.de\/wp-content\/uploads\/2022\/12\/IMG_20221206_111227-768x576.jpg 768w, https:\/\/grundschule-kleinblittersdorf.de\/wp-content\/uploads\/2022\/12\/IMG_20221206_111227-1536x1152.jpg 1536w, https:\/\/grundschule-kleinblittersdorf.de\/wp-content\/uploads\/2022\/12\/IMG_20221206_111227-2048x1536.jpg 2048w\" sizes=\"(max-width: 1024px) 100vw, 1024px\" \/><\/a><\/figure><\/li><li class=\"blocks-gallery-item\"><figure><a href=\"https:\/\/grundschule-kleinblittersdorf.de\/wp-content\/uploads\/2022\/12\/IMG_20221206_111253-scaled.jpg\"><img loading=\"lazy\" width=\"1024\" height=\"768\" src=\"https:\/\/grundschule-kleinblittersdorf.de\/wp-content\/uploads\/2022\/12\/IMG_20221206_111253-1024x768.jpg\" alt=\"\" data-id=\"4287\" data-full-url=\"https:\/\/grundschule-kleinblittersdorf.de\/wp-content\/uploads\/2022\/12\/IMG_20221206_111253-scaled.jpg\" data-link=\"https:\/\/grundschule-kleinblittersdorf.de\/?attachment_id=4287\" class=\"wp-image-4287\" srcset=\"https:\/\/grundschule-kleinblittersdorf.de\/wp-content\/uploads\/2022\/12\/IMG_20221206_111253-1024x768.jpg 1024w, https:\/\/grundschule-kleinblittersdorf.de\/wp-content\/uploads\/2022\/12\/IMG_20221206_111253-300x225.jpg 300w, https:\/\/grundschule-kleinblittersdorf.de\/wp-content\/uploads\/2022\/12\/IMG_20221206_111253-768x576.jpg 768w, https:\/\/grundschule-kleinblittersdorf.de\/wp-content\/uploads\/2022\/12\/IMG_20221206_111253-1536x1152.jpg 1536w, https:\/\/grundschule-kleinblittersdorf.de\/wp-content\/uploads\/2022\/12\/IMG_20221206_111253-2048x1536.jpg 2048w\" sizes=\"(max-width: 1024px) 100vw, 1024px\" \/><\/a><\/figure><\/li><li class=\"blocks-gallery-item\"><figure><a href=\"https:\/\/grundschule-kleinblittersdorf.de\/wp-content\/uploads\/2022\/12\/IMG_20221206_111145-1-scaled.jpg\"><img loading=\"lazy\" width=\"1024\" height=\"768\" src=\"https:\/\/grundschule-kleinblittersdorf.de\/wp-content\/uploads\/2022\/12\/IMG_20221206_111145-1-1024x768.jpg\" alt=\"\" data-id=\"4291\" data-full-url=\"https:\/\/grundschule-kleinblittersdorf.de\/wp-content\/uploads\/2022\/12\/IMG_20221206_111145-1-scaled.jpg\" data-link=\"https:\/\/grundschule-kleinblittersdorf.de\/?attachment_id=4291\" class=\"wp-image-4291\" srcset=\"https:\/\/grundschule-kleinblittersdorf.de\/wp-content\/uploads\/2022\/12\/IMG_20221206_111145-1-1024x768.jpg 1024w, https:\/\/grundschule-kleinblittersdorf.de\/wp-content\/uploads\/2022\/12\/IMG_20221206_111145-1-300x225.jpg 300w, https:\/\/grundschule-kleinblittersdorf.de\/wp-content\/uploads\/2022\/12\/IMG_20221206_111145-1-768x576.jpg 768w, https:\/\/grundschule-kleinblittersdorf.de\/wp-content\/uploads\/2022\/12\/IMG_20221206_111145-1-1536x1152.jpg 1536w, https:\/\/grundschule-kleinblittersdorf.de\/wp-content\/uploads\/2022\/12\/IMG_20221206_111145-1-2048x1536.jpg 2048w\" sizes=\"(max-width: 1024px) 100vw, 1024px\" \/><\/a><\/figure><\/li><\/ul><\/figure>\n\n\n\n<p><\/p>\n","protected":false},"excerpt":{"rendered":"<p>Jeden Dienstag \u00f6ffnet die schuleigene B\u00fccherei ihre T\u00fcren. Das Team begr\u00fc\u00dft die Klassen von 8 bis 10:30 Uhr und l\u00e4dt zum st\u00f6bern, lesen und ausleihen ein. Bis zu zwei Medien gleichzeitig k\u00f6nnen f\u00fcr zwei Wochen geliehen werden. Um allen Kindern gleicherma\u00dfen den Zugang zu erm\u00f6glichen, fallen keine Geb\u00fchren f\u00fcr die Ausleihe an. Eine gro\u00dfe Auswahl [&hellip;]<\/p>\n","protected":false},"author":1,"featured_media":0,"parent":0,"menu_order":0,"comment_status":"closed","ping_status":"closed","template":"","meta":[],"_links":{"self":[{"href":"https:\/\/grundschule-kleinblittersdorf.de\/index.php?rest_route=\/wp\/v2\/pages\/3836"}],"collection":[{"href":"https:\/\/grundschule-kleinblittersdorf.de\/index.php?rest_route=\/wp\/v2\/pages"}],"about":[{"href":"https:\/\/grundschule-kleinblittersdorf.de\/index.php?rest_route=\/wp\/v2\/types\/page"}],"author":[{"embeddable":true,"href":"https:\/\/grundschule-kleinblittersdorf.de\/index.php?rest_route=\/wp\/v2\/users\/1"}],"replies":[{"embeddable":true,"href":"https:\/\/grundschule-kleinblittersdorf.de\/index.php?rest_route=%2Fwp%2Fv2%2Fcomments&post=3836"}],"version-history":[{"count":10,"href":"https:\/\/grundschule-kleinblittersdorf.de\/index.php?rest_route=\/wp\/v2\/pages\/3836\/revisions"}],"predecessor-version":[{"id":4556,"href":"https:\/\/grundschule-kleinblittersdorf.de\/index.php?rest_route=\/wp\/v2\/pages\/3836\/revisions\/4556"}],"wp:attachment":[{"href":"https:\/\/grundschule-kleinblittersdorf.de\/index.php?rest_route=%2Fwp%2Fv2%2Fmedia&parent=3836"}],"curies":[{"name":"wp","href":"https:\/\/api.w.org\/{rel}","templated":true}]}}