{"id":283,"date":"2012-08-17T14:59:13","date_gmt":"2012-08-17T12:59:13","guid":{"rendered":"http:\/\/grundschule-kleinblittersdorf.de\/?page_id=283"},"modified":"2023-08-05T07:22:41","modified_gmt":"2023-08-05T05:22:41","slug":"downloads","status":"publish","type":"page","link":"https:\/\/grundschule-kleinblittersdorf.de\/?page_id=283","title":{"rendered":"Downloads"},"content":{"rendered":"<p>Hier sind einige n\u00fctzliche Dokumente zum Download zu finden:<\/p>\n<ul>\n<li>\u00a0Stundenplanvorlage:\n<ul>\n<li><a href=\"https:\/\/grundschule-kleinblittersdorf.de\/wp-content\/uploads\/2012\/08\/Stundenplan_Vorlage1.xls\">als Excel<\/a><\/li>\n<li><a href=\"https:\/\/grundschule-kleinblittersdorf.de\/wp-content\/uploads\/2012\/08\/Stundenplan_Vorlage_A4.pdf\">als pdf f\u00fcr Ausdruck auf A4<\/a><\/li>\n<li><a href=\"https:\/\/grundschule-kleinblittersdorf.de\/wp-content\/uploads\/2012\/08\/Stundenplan_Vorlage_Maeppchen.pdf\">als pdf f\u00fcr M\u00e4ppchen zum Ausschneiden<\/a><\/li>\n<\/ul>\n<\/li>\n<li>F\u00f6rderverein:\n<ul>\n<li><a title=\"Satzung des F\u00f6V\" href=\"https:\/\/grundschule-kleinblittersdorf.de\/wp-content\/uploads\/2019\/11\/Satzung-F\u00f6rderverein-2019.11.14.pdf\">Satzung des F\u00f6rdervereins<\/a><\/li>\n<li><a title=\"Beitritt F\u00f6V\" href=\"https:\/\/grundschule-kleinblittersdorf.de\/wp-content\/uploads\/2023\/07\/FVGSKeV_Mitgliedsantrag_SEPA-LS_V13_IBAN_11.07.2022.pdf\">Beitrittserkl\u00e4rung F\u00f6rderverein<\/a><\/li>\n<li><a title=\"F\u00f6rderantrag\" href=\"https:\/\/grundschule-kleinblittersdorf.de\/wp-content\/uploads\/2017\/11\/FVGSKeV_F\u00f6rderantrag_V02_IBAN_05012016.pdf\">F\u00f6rderantrag<\/a><\/li>\n<li><a title=\"F\u00f6rderantrag MHK\" href=\"https:\/\/grundschule-kleinblittersdorf.de\/wp-content\/uploads\/2017\/11\/FVGSKeV_Mittelbeantragung_MoHeKo-Stftg_V02_IBAN_10112017.d\u2026.pdf\">F\u00f6rderantrag Mohr-Heckel-Korn Stiftung<\/a><\/li>\n<li><a title=\"Abrechnung Veranstaltung\" href=\"https:\/\/grundschule-kleinblittersdorf.de\/wp-content\/uploads\/2017\/11\/FVGSKeV_Abrechnung-Veranstaltung_V02_IBAN_05012016.pdf\">Abrechnung Veranstaltung<\/a><\/li>\n<\/ul>\n<\/li>\n<\/ul>\n\n\n<p><\/p>\n","protected":false},"excerpt":{"rendered":"<p>Hier sind einige n\u00fctzliche Dokumente zum Download zu finden: \u00a0Stundenplanvorlage: als Excel als pdf f\u00fcr Ausdruck auf A4 als pdf f\u00fcr M\u00e4ppchen zum Ausschneiden F\u00f6rderverein: Satzung des F\u00f6rdervereins Beitrittserkl\u00e4rung F\u00f6rderverein F\u00f6rderantrag F\u00f6rderantrag Mohr-Heckel-Korn Stiftung Abrechnung Veranstaltung<\/p>\n","protected":false},"author":1,"featured_media":0,"parent":0,"menu_order":10,"comment_status":"closed","ping_status":"closed","template":"","meta":[],"_links":{"self":[{"href":"https:\/\/grundschule-kleinblittersdorf.de\/index.php?rest_route=\/wp\/v2\/pages\/283"}],"collection":[{"href":"https:\/\/grundschule-kleinblittersdorf.de\/index.php?rest_route=\/wp\/v2\/pages"}],"about":[{"href":"https:\/\/grundschule-kleinblittersdorf.de\/index.php?rest_route=\/wp\/v2\/types\/page"}],"author":[{"embeddable":true,"href":"https:\/\/grundschule-kleinblittersdorf.de\/index.php?rest_route=\/wp\/v2\/users\/1"}],"replies":[{"embeddable":true,"href":"https:\/\/grundschule-kleinblittersdorf.de\/index.php?rest_route=%2Fwp%2Fv2%2Fcomments&post=283"}],"version-history":[{"count":21,"href":"https:\/\/grundschule-kleinblittersdorf.de\/index.php?rest_route=\/wp\/v2\/pages\/283\/revisions"}],"predecessor-version":[{"id":4620,"href":"https:\/\/grundschule-kleinblittersdorf.de\/index.php?rest_route=\/wp\/v2\/pages\/283\/revisions\/4620"}],"wp:attachment":[{"href":"https:\/\/grundschule-kleinblittersdorf.de\/index.php?rest_route=%2Fwp%2Fv2%2Fmedia&parent=283"}],"curies":[{"name":"wp","href":"https:\/\/api.w.org\/{rel}","templated":true}]}}