{"id":22,"date":"2012-04-22T18:08:38","date_gmt":"2012-04-22T16:08:38","guid":{"rendered":"http:\/\/grundschule-kleinblittersdorf.de\/?page_id=22"},"modified":"2025-11-20T10:44:20","modified_gmt":"2025-11-20T09:44:20","slug":"forderverein","status":"publish","type":"page","link":"https:\/\/grundschule-kleinblittersdorf.de\/?page_id=22","title":{"rendered":"F\u00f6rderverein"},"content":{"rendered":"<p>In der j\u00fcngsten Vergangenheit konnten folgende Projekte realisiert werden:<\/p>\n<p>Dauerprojekte:<\/p>\n<ul>\n<li>Bereitstellung von Startkapital f\u00fcr die Klassenkasse der Erstkl\u00e4ssler<\/li>\n<li>Organisation eines kostenlosen Imbiss am Einschulungstag f\u00fcr die Eltern (Elterncaf\u00e9)<\/li>\n<li>Zusch\u00fcsse f\u00fcr B\u00fccher der Schulb\u00fccherei, f\u00fcr Theaterfahrten, Klassenfahrten und Schullandheimaufenthalte<\/li>\n<li>Finanzierung von Autorenlesungen in der Schule<\/li>\n<li>Buchgutscheine f\u00fcr die Klassenbesten der vierten Klassen zum Schulabschluss<\/li>\n<li>Einmal im Monat, in der Schule ein gesundes Fr\u00fchst\u00fcck, das Pausen 1&#215;1, f\u00fcr alle Klassen<\/li>\n<li>Finanzierung und Betrieb der Homepage der Grundschule (<a href=\"http:\/\/www.grundschule-kleinblittersdorf.de\/\">www.grundschule-kleinblittersdorf.de<\/a>)<\/li>\n<li>Erste-Hilfe-Kurse f\u00fcr die vierten Klassen<\/li>\n<\/ul>\n<p align=\"left\">Einmalprojekte (in der j\u00fcngeren Vergangenheit):<\/p>\n<ul>\n<li>Anschaffung von Schuhregalen f\u00fcr die Grundschule (\u20ac350,-)<\/li>\n<li>Zuschuss zum Besuch des GOFEX Labors durch die Klasse 3.1 (\u20ac74,-).<\/li>\n<li>Unterst\u00fctzung der Klasse 2.1 zur Anschaffung diverser Unterrichtsmaterialien (\u20ac500,-).<\/li>\n<li>Unterst\u00fctzung der Film-, Musik- und Tanz-AG (ca. \u20ac1.000,-).<\/li>\n<li>Unterst\u00fctzung von Ausfl\u00fcgen (z. B. Kunstmuseum Saarbr\u00fccken, Zoo, Schulmuseum<br \/>Ottweiler) verschiedener Klassen (ca. \u20ac600,-).<\/li>\n<li>Zuschuss zur Autorenlesung mit Gunnar Kunz (\u20ac120,00,-).<\/li>\n<li>Anschaffung diverser Unterrichtsmaterialien (z. B. CD-Player, Geh\u00f6rschutz Kopfh\u00f6rer,<br \/>Badminton-Schl\u00e4ger, Softb\u00e4lle\u2026) f\u00fcr die Grundschule (ca. 1.300,-).<\/li>\n<li>Zuschuss zur Abschlussfahrt der Klassen 4.1 und 4.2 ins Schullandheim (\u20ac630,-).<\/li>\n<li>Anschaffung von Lernmaterialien zusammen mit der Gemeinde Kleinblittersdorf (\u20ac1.000,-)<\/li>\n<li>Zirkusprojekt 2018, mehr Details <a href=\"\/\/grundschule-kleinblittersdorf.de\/?p=1480\">hier<\/a><\/li>\n<\/ul>\n<p>All diese Aktionen und Aktivit\u00e4ten k\u00f6nnen nur dann vom F\u00f6rderverein im bisherigen Umfang geleistet werden, wenn m\u00f6glichst <strong>alle Eltern<\/strong> Mitglied werden und somit Ihren Beitrag f\u00fcr das Gelingen und den Erfolg leisten.<br \/><strong>Bedenken Sie dies bitte bei Ihrer Beitrittsentscheidung<\/strong><\/p>\n<p><strong>Mitglied werden k\u00f6nnen Sie ganz einfach hier:<br \/><a title=\"Beitrittserklaerung\" href=\"https:\/\/grundschule-kleinblittersdorf.de\/wp-content\/uploads\/2023\/07\/FVGSKeV_Mitgliedsantrag_SEPA-LS_V13_IBAN_11.07.2022.pdf\">Beitrittserkl\u00e4rung als PDF-Datei herunterladen<\/a><\/strong><\/p>\n<p>\u00a0<\/p>\n<p align=\"center\"><strong><span style=\"color: #ff0000;\">Es geht um unsere Kinder und ab<\/span><br \/><span style=\"color: #ff0000;\">20,- \u20ac im Jahr sind Sie dabei!<\/span><\/strong><\/p>\n<p><strong><span style=\"color: #000000;\">Unser Vorstand freut sich schon auf Sie!<\/span><\/strong><\/p>\n<p>Die aktuelle Satzung finden Sie im Bereich Downloads unter F\u00f6rderverein<\/p>\n<p><strong><span style=\"color: #000000;\">1. Vorsitzender: Michael Trompeter<\/span><span style=\"color: #000000;\"><br \/><\/span><span style=\"color: #000000;\">(<\/span><span style=\"color: #000000;\"><a href=\"mailto:foerderverein@grundschule-kleinblittersdorf.de\">foerderverein@grundschule-kleinblittersdorf.de<\/a><\/span><span style=\"color: #000000;\">)<\/span><\/strong><\/p>\n<p><strong><span style=\"color: #000000;\">2. Vorsitzende:\u00a0 Monika Equit<br \/><\/span><\/strong><strong><span style=\"color: #000000;\">(<\/span><span style=\"color: #000000;\"><a href=\"mailto:foerderverein@grundschule-kleinblittersdorf.de\">foerderverein@grundschule-kleinblittersdorf.de<\/a><\/span><span style=\"color: #000000;\">)<\/span><\/strong><\/p>\n<p><strong><span style=\"color: #000000;\">Kassierer: \u00a0 \u00a0 \u00a0 \u00a0 \u00a0\u00a0 Alexander Zapp<\/span><span style=\"color: #000000;\"><br \/><\/span><span style=\"color: #000000;\">(<\/span><span style=\"color: #000000;\"><a href=\"mailto:kasse-foerderverein@grundschule-kleinblittersdorf.de\">foerderverein@<\/a>grundschule-kleinblittersdorf.de<\/span><span style=\"color: #000000;\">)<\/span><\/strong><\/p>\n<p><strong><span style=\"color: #000000;\">Schriftf\u00fchrerin:\u00a0 \u00a0Alexandra Kemp<\/span><br \/><span style=\"color: #000000;\"><a href=\"mailto:vorstand-foerderverein@grundschule-kleinblittersdorf.de\">(foerderverein@grundschule-kleinblittersdorf.de)<\/a><\/span><\/strong><\/p>\n<p><strong>Beisitzerin: \u00a0 \u00a0 \u00a0 \u00a0\u00a0 Kathrin Backes<br \/><\/strong><\/p>\n<p><strong>Beisitzerin:\u00a0 \u00a0 \u00a0 \u00a0 \u00a0 Michael Rodrigues<\/strong><\/p>\n<p><strong>Ansprechpartner Pausen 1&#215;1:<\/strong><\/p>\n<p><strong>Kathrin Backes (<a href=\"mailto:\/\/pausen1x1@grundschule-kleinblittersdorf.de\">pausen1x1@grundschule-kleinblittersdorf.de<\/a>)<\/strong><\/p>\n\n\n<div class=\"wp-block-file\"><object class=\"wp-block-file__embed\" data=\"https:\/\/grundschule-kleinblittersdorf.de\/wp-content\/uploads\/2023\/07\/FVGSKeV_Mitgliedsantrag_SEPA-LS_V13_IBAN_11.07.2022.pdf\" type=\"application\/pdf\" style=\"width:100%;height:600px\" aria-label=\"Einbettung von FVGSKeV_Mitgliedsantrag_SEPA-LS_V13_IBAN_11.07.2022.\"><\/object><a href=\"https:\/\/grundschule-kleinblittersdorf.de\/wp-content\/uploads\/2023\/07\/FVGSKeV_Mitgliedsantrag_SEPA-LS_V13_IBAN_11.07.2022.pdf\">FVGSKeV_Mitgliedsantrag_SEPA-LS_V13_IBAN_11.07.2022<\/a><a href=\"https:\/\/grundschule-kleinblittersdorf.de\/wp-content\/uploads\/2023\/07\/FVGSKeV_Mitgliedsantrag_SEPA-LS_V13_IBAN_11.07.2022.pdf\" class=\"wp-block-file__button\" download>Herunterladen<\/a><\/div>\n","protected":false},"excerpt":{"rendered":"<p>In der j\u00fcngsten Vergangenheit konnten folgende Projekte realisiert werden: Dauerprojekte: Bereitstellung von Startkapital f\u00fcr die Klassenkasse der Erstkl\u00e4ssler Organisation eines kostenlosen Imbiss am Einschulungstag f\u00fcr die Eltern (Elterncaf\u00e9) Zusch\u00fcsse f\u00fcr B\u00fccher der Schulb\u00fccherei, f\u00fcr Theaterfahrten, Klassenfahrten und Schullandheimaufenthalte Finanzierung von Autorenlesungen in der Schule Buchgutscheine f\u00fcr die Klassenbesten der vierten Klassen zum Schulabschluss Einmal im [&hellip;]<\/p>\n","protected":false},"author":4,"featured_media":0,"parent":0,"menu_order":5,"comment_status":"closed","ping_status":"closed","template":"","meta":[],"_links":{"self":[{"href":"https:\/\/grundschule-kleinblittersdorf.de\/index.php?rest_route=\/wp\/v2\/pages\/22"}],"collection":[{"href":"https:\/\/grundschule-kleinblittersdorf.de\/index.php?rest_route=\/wp\/v2\/pages"}],"about":[{"href":"https:\/\/grundschule-kleinblittersdorf.de\/index.php?rest_route=\/wp\/v2\/types\/page"}],"author":[{"embeddable":true,"href":"https:\/\/grundschule-kleinblittersdorf.de\/index.php?rest_route=\/wp\/v2\/users\/4"}],"replies":[{"embeddable":true,"href":"https:\/\/grundschule-kleinblittersdorf.de\/index.php?rest_route=%2Fwp%2Fv2%2Fcomments&post=22"}],"version-history":[{"count":75,"href":"https:\/\/grundschule-kleinblittersdorf.de\/index.php?rest_route=\/wp\/v2\/pages\/22\/revisions"}],"predecessor-version":[{"id":5554,"href":"https:\/\/grundschule-kleinblittersdorf.de\/index.php?rest_route=\/wp\/v2\/pages\/22\/revisions\/5554"}],"wp:attachment":[{"href":"https:\/\/grundschule-kleinblittersdorf.de\/index.php?rest_route=%2Fwp%2Fv2%2Fmedia&parent=22"}],"curies":[{"name":"wp","href":"https:\/\/api.w.org\/{rel}","templated":true}]}}