{"id":2,"date":"2012-04-22T17:54:23","date_gmt":"2012-04-22T15:54:23","guid":{"rendered":"http:\/\/grundschule-kleinblittersdorf.de\/?page_id=2"},"modified":"2025-11-20T10:58:18","modified_gmt":"2025-11-20T09:58:18","slug":"ueberuns","status":"publish","type":"page","link":"https:\/\/grundschule-kleinblittersdorf.de\/?page_id=2","title":{"rendered":"\u00dcber uns"},"content":{"rendered":"\n<div class=\"wp-block-image\"><figure class=\"aligncenter size-full is-resized\"><a href=\"https:\/\/grundschule-kleinblittersdorf.de\/wp-content\/uploads\/2022\/11\/Logo.png\"><img loading=\"lazy\" src=\"https:\/\/grundschule-kleinblittersdorf.de\/wp-content\/uploads\/2022\/11\/Logo.png\" alt=\"\" class=\"wp-image-4252\" width=\"840\" height=\"472\" srcset=\"https:\/\/grundschule-kleinblittersdorf.de\/wp-content\/uploads\/2022\/11\/Logo.png 923w, https:\/\/grundschule-kleinblittersdorf.de\/wp-content\/uploads\/2022\/11\/Logo-300x169.png 300w, https:\/\/grundschule-kleinblittersdorf.de\/wp-content\/uploads\/2022\/11\/Logo-768x432.png 768w\" sizes=\"(max-width: 840px) 100vw, 840px\" \/><\/a><\/figure><\/div>\n\n\n\n<h4>Unsere Grundschule<\/h4>\n\n\n\n<p class=\"has-text-align-left\">Die Grundschule Kleinblittersdorf ist eine zweiz\u00fcgige Grundschule mit vier Klassenstufen und aktuell 164 Sch\u00fclerinnen und Sch\u00fclern und derzeit 11 Lehrerinnen und Lehrern. Wir sind eine freiwillige Ganztagsgrundschule mit einer verl\u00e4sslichen Unterrichtszeit von 8:00 bis 12:35 Uhr. Wir sind Modellschule f\u00fcr Fr\u00fchfranz\u00f6sisch, d.h. es wird verpflichtend Franz\u00f6sisch ab Klassenstufe 1 unterrichtet. In der Klasse 4 kann ein franz\u00f6sisches Diplom (DELF-PRIM A1.1) erworben werden.<\/p>\n\n\n\n<p>Wir sind u.a. beim Gesundheitsf\u00f6rderprogramm \u201eKlasse 2000\u201c und beim \u201eInternet-ABC\u201c dabei.<\/p>\n\n\n\n<p>Seit 2024 sind wir Sc<strong>hule der Nachhaltigkeit.<\/strong> <\/p>\n\n\n\n<p><\/p>\n\n\n\n<p><\/p>\n\n\n\n<figure class=\"wp-block-image\"><a href=\"https:\/\/grundschule-kleinblittersdorf.de\/wp-content\/uploads\/2012\/04\/IMG_5056.jpg\"><img loading=\"lazy\" width=\"150\" height=\"150\" src=\"https:\/\/grundschule-kleinblittersdorf.de\/wp-content\/uploads\/2012\/04\/IMG_5056-150x150.jpg\" alt=\"Foto des Schulhofs\" class=\"wp-image-5\" title=\"Grundschule Kleinblittersdorf\"\/><\/a><\/figure>\n\n\n\n<h4>Schuladresse<\/h4>\n\n\n\n<p>Grundschule Kleinblittersdorf<br>Wintringer Str. 78<br>66271 Kleinblittersdorf<\/p>\n\n\n\n<p>Telefon: 06805 \u2013 2008-631<br>Fax: 06805 \u2013 2008-638 <\/p>\n\n\n\n<p>E-Mail: info(at)grundschule-kleinblittersdorf.de  (Spamschutz: (at) durch @ ersetzen)<\/p>\n\n\n\n<h4>Schulleitung&nbsp;<\/h4>\n\n\n\n<p>Thorsten Haug, Rektor<\/p>\n\n\n\n<h4>Sekretariat<\/h4>\n\n\n\n<p>Frau Wagner<br>Montag &nbsp;&nbsp; 08:00 &#8211; 12:30 Uhr<br>Mittwoch&nbsp; 08:00 &#8211; 12:30 Uhr<br>Donnerstag 08:00 &#8211; 12:30 Uhr (in geraden KW)<\/p>\n\n\n\n<h4>Schulsozialarbeit<\/h4>\n\n\n\n<p>Alexandra Scherer<br>Kontakt: alexandra.scherer(at)asb-saarland.de  (Spamschutz: (at) durch @ ersetzen) <br>Telefon: 0177 &#8211; 6486187<br>Erreichbarkeit in der Schule: Mo 8:00 &#8211; 11.30 Uhr, Di + Do 8:00-13:00 Uhr<\/p>\n\n\n\n<h4>Unterrichts- und Pausenzeit<\/h4>\n\n\n\n<figure class=\"wp-block-image size-full is-resized\"><a href=\"https:\/\/grundschule-kleinblittersdorf.de\/wp-content\/uploads\/2022\/11\/image.png\"><img loading=\"lazy\" src=\"https:\/\/grundschule-kleinblittersdorf.de\/wp-content\/uploads\/2022\/11\/image.png\" alt=\"\" class=\"wp-image-4253\" width=\"321\" height=\"234\" srcset=\"https:\/\/grundschule-kleinblittersdorf.de\/wp-content\/uploads\/2022\/11\/image.png 627w, https:\/\/grundschule-kleinblittersdorf.de\/wp-content\/uploads\/2022\/11\/image-300x219.png 300w\" sizes=\"(max-width: 321px) 100vw, 321px\" \/><\/a><\/figure>\n\n\n\n<p><br>Die Kinder kommen morgens \u00fcber den unteren Schulhof ins Schulgeb\u00e4ude und verlassen das Schulgeb\u00e4ude ebenfalls \u00fcber den unteren Schulhof.<\/p>\n\n\n\n<p><\/p>\n\n\n\n<p class=\"has-large-font-size\"><strong>Allgemeines zu unserer Schule<\/strong><\/p>\n\n\n\n<p><\/p>\n\n\n\n<p><\/p>\n\n\n\n<h4>Buskinder<\/h4>\n\n\n\n<p>Die in Bliesransbach wohnenden Sch\u00fclerinnen und Sch\u00fcler werden mit dem Schulbus zur Schule gefahren. Die Kinder werden durch eine Busbegleitung unterst\u00fctzt.<\/p>\n\n\n\n<h4>FGTS<\/h4>\n\n\n\n<p>\u201eLanges\u201c Angebot \u2013 Betreuung bis 17 Uhr: Dieses Angebot beinhaltet die Betreuung w\u00e4hrend der Mittagspause, Hausaufgabenbetreuung, Teilnahme an p\u00e4dagogischen Freizeitangeboten, Projekten und Arbeitsgemeinschaften.<\/p>\n\n\n\n<p>Kosten: 60 \u20ac<\/p>\n\n\n\n<p>\u201eKurzes\u201c Angebot \u2013 Betreuung bis 15 Uhr: Dieses Angebot beinhaltet die Betreuung w\u00e4hrend der Mittagspause und die Hausaufgabenbetreuung.<\/p>\n\n\n\n<p>Kosten: 30 \u20ac<\/p>\n\n\n\n<p>Weitere Informationen finden Sie <a href=\"https:\/\/grundschule-kleinblittersdorf.de\/?page_id=14\">hier<\/a> auf der Homepage.<\/p>\n\n\n\n<h4>F\u00f6rderverein<\/h4>\n\n\n\n<p>1. Vorsitzender: Michael Trompeter<\/p>\n\n\n\n<p>Mitgliedsbeitrag: 20 \u20ac \/ Jahr<\/p>\n\n\n\n<p>Weitere Informationen finden Sie <a href=\"https:\/\/grundschule-kleinblittersdorf.de\/?page_id=22\">hier<\/a> auf der Homepage.<\/p>\n\n\n\n<h4>Fundkiste<\/h4>\n\n\n\n<p>Gefundene Kleidung wird in einer Fundkiste gesammelt. Eltern und Sch\u00fcler d\u00fcrfen au\u00dferhalb der Schulstunden nach verlorener Kleidung suchen.&nbsp;Zudem legen wir die Kleider mehrfach im Jahr aus. <\/p>\n\n\n\n<h4>Klasse2000<\/h4>\n\n\n\n<p>Klasse2000 ist das bundesweit gr\u00f6\u00dfte Programm zur Gesundheitsf\u00f6rderung. Es begleitet Kinder von der ersten bis zur vierten Klasse, um ihre Gesundheits- und Lebenskompetenzen fr\u00fchzeitig und kontinuierlich zu st\u00e4rken. Dabei setzt es auf die Zusammenarbeit von Lehrkr\u00e4ften und externen Gesundheitspartnern.<\/p>\n\n\n\n<p>Klasse2000 f\u00f6rdert die positive Einstellung der Kinder zur Gesundheit und vermittelt Wissen \u00fcber den K\u00f6rper. Bewegung, gesunde Ern\u00e4hrung und Entspannung sind ebenso wichtige Bausteine von Klasse2000 wie der Umgang mit Gef\u00fchlen und Stress sowie Strategien zur Problem- und Konfliktl\u00f6sung.<\/p>\n\n\n\n<p>So unterst\u00fctzt Klasse2000 die Kinder dabei, ihr Leben ohne Suchtmittel, Gewalt und gesundheitssch\u00e4digendes Verhalten zu meistern.<\/p>\n\n\n\n<h4>Krankheitsf\u00e4lle<\/h4>\n\n\n\n<p>Erkrankungen des Kindes werden morgens in der Schule \u00fcber den Anrufbeantworter gemeldet. Sp\u00e4testens am Tag der R\u00fcckkehr in den Unterricht muss das Fehlen schriftlich entschuldigt werden.<\/p>\n\n\n\n<p>Scharlach, R\u00f6teln, Ringelr\u00f6teln, Windpocken, Mumps und L\u00e4use sind der Schule unverz\u00fcglich zu melden.<\/p>\n\n\n\n<h4>Pausen 1&#215;1<\/h4>\n\n\n\n<p>Aktuell wird einmal im Monat, in der Regel freitags, ein Fr\u00fchst\u00fcck f\u00fcr die Kinder gemeinsam zubereitet. F\u00fcr wenige (meist 50) Cent k\u00f6nnen sich die Kinder in der gro\u00dfen Pause, aus einem reichhaltigen Angebot ihr Fr\u00fchst\u00fcck selbst zusammenstellen und nebenbei auch lernen mit Geld umzugehen. Weitere Informationen finden Sie <a href=\"https:\/\/grundschule-kleinblittersdorf.de\/?page_id=161\">hier<\/a> auf der Homepage. <a href=\"https:\/\/grundschule-kleinblittersdorf.de\/?p=4408\">Hier<\/a> finden Sie einen Bericht. <\/p>\n\n\n\n<h4>Sch\u00fclerb\u00fccherei<\/h4>\n\n\n\n<p>Unsere <a href=\"https:\/\/grundschule-kleinblittersdorf.de\/?p=4437\">Sch\u00fclerb\u00fccherei<\/a> ist immer dienstags von 8.00 Uhr bis 10.00 Uhr ge\u00f6ffnet. Nach einem schulinternen Rhythmus besuchen die Klassen die B\u00fccherei und k\u00f6nnen sich B\u00fccher leihen. Dazu bekommen die Kinder im ersten Schuljahr einen B\u00fcchereiausweis. Weitere Informationen finden Sie <a href=\"https:\/\/grundschule-kleinblittersdorf.de\/?page_id=3836\" data-type=\"URL\" data-id=\"https:\/\/grundschule-kleinblittersdorf.de\/?page_id=3836\">hier<\/a> auf der Homepage.<\/p>\n\n\n\n<h4>Schulordnung<\/h4>\n\n\n\n<p>Unsere Schulordnung finden Sie <a href=\"https:\/\/grundschule-kleinblittersdorf.de\/wp-content\/uploads\/2024\/02\/Schulordnung.pdf\">hier<\/a>. <\/p>\n\n\n\n<h4>Umgang mit elektronischen Ger\u00e4ten und Spielzeugen  <\/h4>\n\n\n\n<p><\/p>\n\n\n\n<p><\/p>\n\n\n\n<p>Elektronische Ger\u00e4te oder mitgebrachte Spielsachen sind nicht gestattet. Handys und Smartwatches m\u00fcssen sich ausgeschaltet bzw. im Flug-\/Schulmodus und im Ranzen befinden. Die Schule \u00fcbernimmt keine Haftung f\u00fcr Diebstahl und Sch\u00e4den. <\/p>\n\n\n\n<p>\u00dcber Ausnahmen \u00fcber die Handynutzung entscheidet die Schulleitung nach R\u00fccksprache mit dem Bildungsministerium.<\/p>\n\n\n\n<p><\/p>\n\n\n\n<p><\/p>\n\n\n\n<p><\/p>\n\n\n\n<p><\/p>\n\n\n\n<p><\/p>\n\n\n\n<p><\/p>\n\n\n\n<p><\/p>\n\n\n\n<p><\/p>\n\n\n\n<p><\/p>\n\n\n\n<p><\/p>\n","protected":false},"excerpt":{"rendered":"<p>Unsere Grundschule Die Grundschule Kleinblittersdorf ist eine zweiz\u00fcgige Grundschule mit vier Klassenstufen und aktuell 164 Sch\u00fclerinnen und Sch\u00fclern und derzeit 11 Lehrerinnen und Lehrern. Wir sind eine freiwillige Ganztagsgrundschule mit einer verl\u00e4sslichen Unterrichtszeit von 8:00 bis 12:35 Uhr. Wir sind Modellschule f\u00fcr Fr\u00fchfranz\u00f6sisch, d.h. es wird verpflichtend Franz\u00f6sisch ab Klassenstufe 1 unterrichtet. In der Klasse [&hellip;]<\/p>\n","protected":false},"author":1,"featured_media":0,"parent":0,"menu_order":1,"comment_status":"closed","ping_status":"closed","template":"","meta":[],"_links":{"self":[{"href":"https:\/\/grundschule-kleinblittersdorf.de\/index.php?rest_route=\/wp\/v2\/pages\/2"}],"collection":[{"href":"https:\/\/grundschule-kleinblittersdorf.de\/index.php?rest_route=\/wp\/v2\/pages"}],"about":[{"href":"https:\/\/grundschule-kleinblittersdorf.de\/index.php?rest_route=\/wp\/v2\/types\/page"}],"author":[{"embeddable":true,"href":"https:\/\/grundschule-kleinblittersdorf.de\/index.php?rest_route=\/wp\/v2\/users\/1"}],"replies":[{"embeddable":true,"href":"https:\/\/grundschule-kleinblittersdorf.de\/index.php?rest_route=%2Fwp%2Fv2%2Fcomments&post=2"}],"version-history":[{"count":57,"href":"https:\/\/grundschule-kleinblittersdorf.de\/index.php?rest_route=\/wp\/v2\/pages\/2\/revisions"}],"predecessor-version":[{"id":5557,"href":"https:\/\/grundschule-kleinblittersdorf.de\/index.php?rest_route=\/wp\/v2\/pages\/2\/revisions\/5557"}],"wp:attachment":[{"href":"https:\/\/grundschule-kleinblittersdorf.de\/index.php?rest_route=%2Fwp%2Fv2%2Fmedia&parent=2"}],"curies":[{"name":"wp","href":"https:\/\/api.w.org\/{rel}","templated":true}]}}