{"id":1571,"date":"2018-05-13T13:21:43","date_gmt":"2018-05-13T11:21:43","guid":{"rendered":"http:\/\/grundschule-kleinblittersdorf.de\/?page_id=1571"},"modified":"2023-08-29T10:00:14","modified_gmt":"2023-08-29T08:00:14","slug":"impressum-datenschutzerklaerung","status":"publish","type":"page","link":"https:\/\/grundschule-kleinblittersdorf.de\/?page_id=1571","title":{"rendered":"Impressum\/Datenschutz"},"content":{"rendered":"<p><strong>Impressum<\/strong><\/p>\n<p>Bei Anfragen, Beschwerden, Hinweisen und Anregungen wenden Sie sich bitte zun\u00e4chst an den Verantwortlichen f\u00fcr die Website: Thorsten Haug, Schulleiter.<\/p>\n<p>Grundschule Kleinblittersdorf<br \/>\nWintringer Str. 78<br \/>\n66271 Kleinblittersdorf<br \/>\nTelefon: 06805 \u2013 2008-631<br \/>\nFax: 06805 \u2013 2008-638<br \/>\ninfo@grundschule-kleinblittersdorf.de oder<br \/>\ngskleinblittersdorf@kleinblittersdorf.de<\/p>\n<p>Diensteanbieter dieses Internetangebots ist das Saarland, vertreten durch den Minister f\u00fcr Bildung und Kultur, Hohenzollernstra\u00dfe 60, 66117 Saarbr\u00fccken,<br \/>\nTelefon: 0681\/501-7565, E-Mail: schulhomepage@bildung.saarland.de.<\/p>\n<p><strong>Datenschutzerkl\u00e4rung<\/strong><\/p>\n<p>Wir freuen uns \u00fcber Ihren Besuch auf unserer Internetseite und Ihrem Interesse an unserer Praxis. Der Schutz Ihrer personenbezogenen Daten ist uns ein wichtiges Anliegen. Personenbezogene Daten sind Einzelangaben \u00fcber pers\u00f6nliche oder sachliche Verh\u00e4ltnisse einer bestimmten oder bestimmbaren nat\u00fcrlichen Person. Darunter fallen Informationen wie der b\u00fcrgerliche Name, die Anschrift, die Telefonnummer und das Geburtsdatum.<br \/>\nDa diese Daten besonderen Schutz genie\u00dfen, werden sie bei uns nur im technisch erforderlichen Umfang erhoben. Nachfolgend stellen wir dar, welche Informationen wir w\u00e4hrend Ihres Besuches auf unserer Internetseite erfassen und wie diese genutzt werden.<br \/>\nUnsere Datenschutzpraxis steht im Einklang mit den Regelungen des Bundesdatenschutzgesetzes (BDSG) und des Telemediengesetzes (TMG) sowie der DSGVO. Wir werden Ihre personenbezogenen Daten ausschlie\u00dflich zur Bearbeitung von Anfragen erheben, verarbeiten und speichern. Sie k\u00f6nnen dieser Verwendung jederzeit widersprechen, ohne dass f\u00fcr den Widerspruch andere als \u00dcbermittlungskosten nach den Basistarifen entstehen.<\/p>\n<p>Dieses Internet-Angebot wird im Wege der Auftragsdatenverarbeitung von STRATO AG, Pascalstr. 10, 10587 Berlin, als technischem Dienstleister vorgehalten. Die Gestaltung und Administration des Internetangebots wird\u00a0 vom F\u00f6rderverein der Grundschule Kleinblittersdorf e.V., Saargem\u00fcnder Str. 55 , 66129 Saarbr\u00fccken durchgef\u00fchrt. Dabei findet keine \u00fcber das in dieser Erkl\u00e4rung dargestellte Ma\u00df hinausgehende Speicherung und Verarbeitung personenbezogener Nutzungsdaten statt. Seiten in der Rubrik &#8222;F\u00f6rderverein&#8220; sowie Beitr\u00e4ge mit dem Tag &#8222;F\u00f6rderverein&#8220; setllen Publikationen des F\u00f6rdervereins der Grundschule Kleinblittersdorf e.V. dar und fallen unter dessen Verantwortung, eine Kontaktaufnahme mit dem F\u00f6rderverein \u00fcber das Kontaktformular ist nicht m\u00f6glich, sondern lediglich \u00fcber die angegebenen (ggf. unsicheren) Emailadressen oder auf dem Postweg.<\/p>\n<p>1. Verantwortliche Stelle i.S.d. \u00a7 13 Abs. 1 TMG \/ \u00a7 3 Abs. 7 BDSG sowie des Art. 4 Abs. 7 EU-Datenschutz-Grundverordnung (EU-DSGVO)<br \/>\nVerantwortliche Stelle im Sinne des Datenschutzrechts ist:<br \/>\nGrundschule Kleinblittersdorf<br \/>\nWintringer Str. 78<br \/>\n66271 Kleinblittersdorf<br \/>\nTelefon: 06805 \u2013 2008-631<br \/>\nFax: 06805 \u2013 2008-638<br \/>\ninfo@grundschule-kleinblittersdorf.de<\/p>\n<p>Unsere Datenschutzbeauftragte erreichen Sie unter:<br \/>\ndatenschutzbeauftragte@bildung.saarland.de<br \/>\noder der Adresse des<br \/>\nMinisteriums f\u00fcr Bildung und Kultur,<br \/>\nTrierer Stra\u00dfe 33,<br \/>\n66111 Saarbr\u00fccken mit dem Zusatz \u201eDie Datenschutzbeauftragte\u201c.<\/p>\n<p>Die f\u00fcr unsere Webseite datenschutzrechtlich zust\u00e4ndige Aufsichtsbeh\u00f6rde ist:<\/p>\n<p>Unabh\u00e4ngiges Datenschutzzentrum Saarland<br \/>\nFritz-Dobisch-Str. 12<br \/>\n66111 Saarbr\u00fccken<br \/>\nTelefon: 0681-94781-0<br \/>\nEmail: poststelle (at) lfdi.saarland.de<\/p>\n<p>2. Anonyme \/ Pseudonymisierte Nutzung der Internetseite<br \/>\nDu kannst unsere Internetseite grunds\u00e4tzlich ohne Angabe von personenbezogenen Daten besuchen. Pseudonymisierte Nutzungsdaten werden nicht mit den Daten des Tr\u00e4gers des Pseudonyms zusammengef\u00fchrt. Eine Erstellung von pseudonymen Nutzungsprofilen findet nicht statt.<\/p>\n<p>3. Besondere Funktionen der Internetseite<br \/>\nUnsere Seite bietet Dir ggf. verschiedene Funktionen, bei deren Nutzung von uns personenbezogene Daten erhoben, verarbeitet und gespeichert werden. Nachfolgend erkl\u00e4ren wir, was mit diesen Daten geschieht:<\/p>\n<p><strong>Kommentare (derzeit, bis zu einer abschlie\u00dfenden rechtlichen Bewertung abgeschaltet)<\/strong><\/p>\n<p>Wenn Besucher Kommentare auf der Website schreiben, sammeln wir die Daten, die im Kommentar-Formular angezeigt werden, au\u00dferdem die IP-Adresse des Besuchers und den User-Agent-String (damit wird der Browser identifiziert), um die Erkennung von Spam zu unterst\u00fctzen.<\/p>\n<p>Aus deiner E-Mail-Adresse kann eine anonymisierte Zeichenfolge erstellt (auch Hash genannt) und dem Gravatar-Dienst \u00fcbergeben werden, um zu pr\u00fcfen, ob du diesen benutzt. Die Datenschutzerkl\u00e4rung des Gravatar-Dienstes findest du hier: https:\/\/automattic.com\/privacy\/. Nachdem dein Kommentar freigegeben wurde, ist dein Profilbild \u00f6ffentlich im Kontext deines Kommentars sichtbar.<\/p>\n<p><strong>Medien<\/strong><\/p>\n<p>Wenn du ein registrierter Benutzer bist und Fotos auf diese Website l\u00e4dst, solltest du vermeiden, Fotos mit einem EXIF-GPS-Standort hochzuladen. Besucher dieser Website k\u00f6nnten Fotos, die auf dieser Website gespeichert sind, herunterladen und deren Standort-Informationen extrahieren.<\/p>\n<p><strong>Kontaktformular<\/strong><\/p>\n<p>Die \u00fcber unser Kontaktformular aufgenommenen Daten werden wir nur f\u00fcr die Bearbeitung von Anfragen, die durch das Kontaktformular eingehen, verwenden. Nach Bearbeitung der Anfragen werden die erhobenen Daten gel\u00f6scht, soweit keine gesetzlichen Aufbewahrungsfristen bestehen.<\/p>\n<p>4. Datenweitergabe \/ Zweckbindung<br \/>\nWir geben personenbezogene Daten nur an Dritte weiter, soweit dies f\u00fcr uns zur Erf\u00fcllung unserer Vertragsverpflichtungen, insbesondere zur Abwicklung eines geschlossenen Vertrages, notwendig ist. Eine Weitergabe von personenbezogenen Daten an Dritte findet au\u00dfer zu den genannten Zwecken der Vertrags- und Zahlungsabwicklung nicht statt.<br \/>\nWenn Du uns pers\u00f6nliche Daten im Rahmen einer ausdr\u00fccklichen Einwilligung zur Verf\u00fcgung stellst, werden diese Daten nur f\u00fcr den Zweck genutzt, der der Einwilligung zu Grunde liegt und dem Du vorab zugestimmt hast. Wir werden Deine personenbezogenen Daten nur so lange speichern, wie dies f\u00fcr den vorgesehenen Zweck der Datenerhebung notwendig oder gesetzlich vorgeschrieben ist. Du kannst Deine Einwilligung jederzeit vollst\u00e4ndig oder teilweise widerrufen.<br \/>\nDeine schutzw\u00fcrdigen Belange werden gem\u00e4\u00df den gesetzlichen Bestimmungen ber\u00fccksichtigt. Du kannst bei der verantwortlichen Stelle eine Auskunft \u00fcber die Dich betreffenden gespeicherten Daten erhalten.<\/p>\n<p>5. Statistische Auswertung der Besuche dieser Internetseite<br \/>\nWir erheben, verarbeiten und speichern bei dem Aufruf dieser Internetseite oder einzelner Dateien der Internetseite folgende Daten: IP-Adresse, Webseite, von der aus die Datei abgerufen wurde, Name der Datei, Datum und Uhrzeit des Abrufs, \u00fcbertragene Datenmenge und Meldung \u00fcber den Erfolg des Abrufs (sog. Web-Log). Diese Zugriffsdaten verwenden wir ausschlie\u00dflich in nicht personalisierter Form f\u00fcr die stetige Verbesserung unseres Internetangebots und zu statistischen Zwecken bzw. zur Sicherstellung des technischen Betriebes unserer Webseite.<\/p>\n<p>Zudem setzen wir zur Auswertung der Besuche dieser Internetseite folgende Plugins und aktive Script-Inhalte ein:<\/p>\n<p>Cookies: Um den Besuch unserer Website attraktiv zu gestalten und die Nutzung bestimmter Funktionen zu erm\u00f6glichen behalten wir uns vor, ggf. Cookies einzusetzen.<\/p>\n<p>Wenn du einen Kommentar auf unserer Website schreibst, kann das eine Einwilligung sein, deinen Namen, E-Mail-Adresse und Website in Cookies zu speichern. Dies ist eine Komfortfunktion, damit du nicht, wenn du einen weiteren Kommentar schreibst, all diese Daten erneut eingeben musst. Diese Cookies werden ein Jahr lang gespeichert.<\/p>\n<p>Falls du ein Konto hast und dich auf dieser Website anmeldest, werden wir ein tempor\u00e4res Cookie setzen, um festzustellen, ob dein Browser Cookies akzeptiert. Dieses Cookie enth\u00e4lt keine personenbezogenen Daten und wird verworfen, wenn du deinen Browser schlie\u00dft.<\/p>\n<p>Wenn du dich anmeldest, werden wir einige Cookies einrichten, um deine Anmeldeinformationen und Anzeigeoptionen zu speichern. Anmelde-Cookies verfallen nach zwei Tagen und Cookies f\u00fcr die Anzeigeoptionen nach einem Jahr. Falls du bei der Anmeldung \u201eAngemeldet bleiben\u201c ausw\u00e4hlst, wird deine Anmeldung zwei Wochen lang aufrechterhalten. Mit der Abmeldung aus deinem Konto werden die Anmelde-Cookies gel\u00f6scht.<\/p>\n<p>Wenn du einen Artikel bearbeitest oder ver\u00f6ffentlichst, wird ein zus\u00e4tzlicher Cookie in deinem Browser gespeichert. Dieser Cookie enth\u00e4lt keine personenbezogenen Daten und verweist nur auf die Beitrags-ID des Artikels, den du gerade bearbeitet hast. Der Cookie verf\u00e4llt nach einem Tag.<\/p>\n<p>6. Datensicherheit und Datenschutz, Kommunikation per E-Mail<br \/>\nDeine personenbezogenen Daten werden durch technische und organisatorische Ma\u00dfnahmen so bei der Erhebung, Speicherung und Verarbeitung gesch\u00fctzt, dass sie f\u00fcr Dritte nicht zug\u00e4nglich sind. Eingaben auf Formularen der Webseite werden mittels TLS auf dem \u00dcbertragungsweg verschl\u00fcsselt. Bei der Kommunikation per E-Mail kann die vollst\u00e4ndige Datensicherheit von uns nicht gew\u00e4hrleistet werden, sodass wir Ihnen bei Informationen mit hohem Geheimhaltungsbed\u00fcrfnis den Postweg empfehlen.<\/p>\n<p>7. Widerruf von Einwilligungen \u2013 Datenausk\u00fcnfte und \u00c4nderungsw\u00fcnsche \u2013 L\u00f6schung &amp; Sperrung von Daten<br \/>\nNach dem Bundesdatenschutzgesetz hast Du ein Recht auf unentgeltliche Auskunft \u00fcber Deine gespeicherten Daten sowie ggf. ein Recht auf Berichtigung, Sperrung oder L\u00f6schung dieser Daten. Deine Daten werden dann gel\u00f6scht, falls dem nicht gesetzliche Regelungen entgegenstehen. Du kannst eine uns erteilte Erlaubnis, Deine pers\u00f6nlichen Daten zu nutzen, jederzeit widerrufen. Auskunfts-, L\u00f6schungs- und Berichtigungsw\u00fcnsche zu Deinen Daten und gerne auch Anregungen kannst Du jederzeit an folgende Adresse senden:<\/p>\n<p>Wie lange wir deine Daten speichern<\/p>\n<p>Wenn du einen Kommentar schreibst, wird dieser inklusive Metadaten zeitlich unbegrenzt gespeichert. Auf diese Art k\u00f6nnen wir Folgekommentare automatisch erkennen und freigeben, anstelle sie in einer Moderations-Warteschlange festzuhalten.<\/p>\n<p>F\u00fcr Benutzer, die sich auf unserer Website registrieren, speichern wir zus\u00e4tzlich die pers\u00f6nlichen Informationen, die sie in ihren Benutzerprofilen angeben. Alle Benutzer k\u00f6nnen jederzeit ihre pers\u00f6nlichen Informationen einsehen, ver\u00e4ndern oder l\u00f6schen (der Benutzername kann nicht ver\u00e4ndert werden). Administratoren der Website k\u00f6nnen diese Informationen ebenfalls einsehen und ver\u00e4ndern.<\/p>\n<p>Welche Rechte du an deinen Daten hast<\/p>\n<p>Wenn du ein Konto auf dieser Website besitzt oder Kommentare geschrieben hast, kannst du einen Export deiner personenbezogenen Daten bei uns anfordern, inklusive aller Daten, die du uns mitgeteilt hast. Dar\u00fcber hinaus kannst du die L\u00f6schung aller personenbezogenen Daten, die wir von dir gespeichert haben, anfordern. Dies umfasst nicht die Daten, die wir aufgrund administrativer, rechtlicher oder sicherheitsrelevanter Notwendigkeiten aufbewahren m\u00fcssen.<\/p>\n<p>Grundschule Kleinblittersdorf<br \/>\nWintringer Str. 78<br \/>\n66271 Kleinblittersdorf<br \/>\nTelefon: 06805 \u2013 2008-631<br \/>\nFax: 06805 \u2013 2008-638<br \/>\ninfo@grundschule-kleinblittersdorf.de<\/p>\n","protected":false},"excerpt":{"rendered":"<p>Impressum Bei Anfragen, Beschwerden, Hinweisen und Anregungen wenden Sie sich bitte zun\u00e4chst an den Verantwortlichen f\u00fcr die Website: Thorsten Haug, Schulleiter. Grundschule Kleinblittersdorf Wintringer Str. 78 66271 Kleinblittersdorf Telefon: 06805 \u2013 2008-631 Fax: 06805 \u2013 2008-638 info@grundschule-kleinblittersdorf.de oder gskleinblittersdorf@kleinblittersdorf.de Diensteanbieter dieses Internetangebots ist das Saarland, vertreten durch den Minister f\u00fcr Bildung und Kultur, Hohenzollernstra\u00dfe 60, [&hellip;]<\/p>\n","protected":false},"author":6,"featured_media":0,"parent":0,"menu_order":11,"comment_status":"closed","ping_status":"closed","template":"","meta":[],"_links":{"self":[{"href":"https:\/\/grundschule-kleinblittersdorf.de\/index.php?rest_route=\/wp\/v2\/pages\/1571"}],"collection":[{"href":"https:\/\/grundschule-kleinblittersdorf.de\/index.php?rest_route=\/wp\/v2\/pages"}],"about":[{"href":"https:\/\/grundschule-kleinblittersdorf.de\/index.php?rest_route=\/wp\/v2\/types\/page"}],"author":[{"embeddable":true,"href":"https:\/\/grundschule-kleinblittersdorf.de\/index.php?rest_route=\/wp\/v2\/users\/6"}],"replies":[{"embeddable":true,"href":"https:\/\/grundschule-kleinblittersdorf.de\/index.php?rest_route=%2Fwp%2Fv2%2Fcomments&post=1571"}],"version-history":[{"count":11,"href":"https:\/\/grundschule-kleinblittersdorf.de\/index.php?rest_route=\/wp\/v2\/pages\/1571\/revisions"}],"predecessor-version":[{"id":4632,"href":"https:\/\/grundschule-kleinblittersdorf.de\/index.php?rest_route=\/wp\/v2\/pages\/1571\/revisions\/4632"}],"wp:attachment":[{"href":"https:\/\/grundschule-kleinblittersdorf.de\/index.php?rest_route=%2Fwp%2Fv2%2Fmedia&parent=1571"}],"curies":[{"name":"wp","href":"https:\/\/api.w.org\/{rel}","templated":true}]}}