{"id":14,"date":"2012-04-22T18:03:14","date_gmt":"2012-04-22T16:03:14","guid":{"rendered":"http:\/\/grundschule-kleinblittersdorf.de\/?page_id=14"},"modified":"2025-10-05T09:59:57","modified_gmt":"2025-10-05T07:59:57","slug":"nachmittagsbetreuung","status":"publish","type":"page","link":"https:\/\/grundschule-kleinblittersdorf.de\/?page_id=14","title":{"rendered":"Betreuung"},"content":{"rendered":"\n<figure class=\"wp-block-image size-large\"><a href=\"https:\/\/grundschule-kleinblittersdorf.de\/wp-content\/uploads\/2024\/09\/FGTS-Bild.jpg\"><img loading=\"lazy\" width=\"1024\" height=\"739\" src=\"https:\/\/grundschule-kleinblittersdorf.de\/wp-content\/uploads\/2024\/09\/FGTS-Bild-1024x739.jpg\" alt=\"\" class=\"wp-image-5314\" srcset=\"https:\/\/grundschule-kleinblittersdorf.de\/wp-content\/uploads\/2024\/09\/FGTS-Bild-1024x739.jpg 1024w, https:\/\/grundschule-kleinblittersdorf.de\/wp-content\/uploads\/2024\/09\/FGTS-Bild-300x217.jpg 300w, https:\/\/grundschule-kleinblittersdorf.de\/wp-content\/uploads\/2024\/09\/FGTS-Bild-768x555.jpg 768w, https:\/\/grundschule-kleinblittersdorf.de\/wp-content\/uploads\/2024\/09\/FGTS-Bild-1536x1109.jpg 1536w, https:\/\/grundschule-kleinblittersdorf.de\/wp-content\/uploads\/2024\/09\/FGTS-Bild-2048x1479.jpg 2048w\" sizes=\"(max-width: 1024px) 100vw, 1024px\" \/><\/a><\/figure>\n\n\n<p>Die freiwillige Nachmittagsbetreuung mit Mittagessen wird von der Caritas getragen. Die Hausaufgabenbetreuung mit einer Lehrperson pro Gruppe findet im Zeitraum von 14:00 bis 15:00 Uhr statt. Sch\u00fcler k\u00f6nnen w\u00e4hrend der Hausaufgabenzeit nicht abgeholt werden.<\/p>\n<p>Die Betreuung endet um 17:00 Uhr.<\/p>\n<p>Das Mittagessen wird von den Barmherzigen Br\u00fcdern geliefert. Abbestellungen vom Essen (bei Krankheit des Kindes) bis 8:00 Uhr per Mail (www.caritas-saarbruecken.de\/fgts-essenabbestellen).<\/p>\n<p>Unser Team besteht aus einer Standortleitung und 5 Mitarbeitern und\u00a0bietet Platz f\u00fcr 70 Kinder ( 1.-4. Schuljahr).\u00a0Wir betreuen in der Regel: 1.-3. Woche Sommerferien, eine Woche der Herbstferien, eine Woche der Weihnachtsferien, Faschingsferien (ganz, au\u00dfer: Rosenmontag) und Osterferien (ganz) sowie\u00a0an vereinbarten schulfreien Tagen.<\/p>\n<p>Unser Tagesablauf:<\/p>\n<ul>\n<li>Verschiedene AG&#8216; s w\u00e4hrend der Schulzeit: Wir bieten von Montag bis Freitag unterschiedliche AG&#8216; s, entweder mit Dozenten von au\u00dferhalb oder durch unser Personal, z.B.: Backen und Kochen, Sport AG in der Turnhalle, Kreatives Gestalten, Schulgarten-AG, Bastel-AG u.v.m.<\/li>\n<\/ul>\n<p>In den Ferien bieten wir ganz besondere Projekte, Angebote, Ausfl\u00fcge usw., an:<\/p>\n<ul>\n<li>z.B. Experimentieren und basteln<\/li>\n<li>Fu\u00dfball AG<\/li>\n<li>Waldp\u00e4dagogik<\/li>\n<li>Spiele Olympiade<\/li>\n<li>Bastelangebote<\/li>\n<li>verschiedene Besuche und Ausfl\u00fcge: Feuerwehr, Abenteuerspielplatz, Wildpark, Naturb\u00fchne Gr\u00e4finthal<\/li>\n<li>u.v.m<\/li>\n<\/ul>\n<p><strong>Ansprechpartnerin:<\/strong><\/p>\n<p>Leiterin: Marion Schwarz<br \/>Telefon: 0172- 1894822<br \/>nachmittagsbetreuung-kleinblittersdorf@caritas-saabruecken.de<\/p>\n<p><strong>Schlie\u00dftage:<\/strong><\/p>\n<p>Montag, 02.10.2023<\/p>\n<p>\u00a0<\/p>\n\n\n<figure class=\"wp-block-gallery columns-0 is-cropped\"><ul class=\"blocks-gallery-grid\"><\/ul><\/figure>\n\n\n\n<p><strong>AG -Plan<\/strong>:<\/p>\n\n\n\n\n\n<p>Speiseplan:<\/p>\n\n\n\n<h2>Eindr\u00fccke aus unserem Alltag<\/h2>\n\n\n\n<p><\/p>\n\n\n\n<figure class=\"wp-block-gallery columns-1 is-cropped\"><ul class=\"blocks-gallery-grid\"><li class=\"blocks-gallery-item\"><figure><a href=\"https:\/\/grundschule-kleinblittersdorf.de\/wp-content\/uploads\/2024\/04\/8e03bac1-feb5-4654-baba-2fc75ff4ae47-2.jpg\"><img loading=\"lazy\" width=\"768\" height=\"1024\" src=\"https:\/\/grundschule-kleinblittersdorf.de\/wp-content\/uploads\/2024\/04\/8e03bac1-feb5-4654-baba-2fc75ff4ae47-2-768x1024.jpg\" alt=\"\" data-id=\"5170\" data-full-url=\"https:\/\/grundschule-kleinblittersdorf.de\/wp-content\/uploads\/2024\/04\/8e03bac1-feb5-4654-baba-2fc75ff4ae47-2.jpg\" data-link=\"https:\/\/grundschule-kleinblittersdorf.de\/?attachment_id=5170\" class=\"wp-image-5170\" srcset=\"https:\/\/grundschule-kleinblittersdorf.de\/wp-content\/uploads\/2024\/04\/8e03bac1-feb5-4654-baba-2fc75ff4ae47-2-768x1024.jpg 768w, https:\/\/grundschule-kleinblittersdorf.de\/wp-content\/uploads\/2024\/04\/8e03bac1-feb5-4654-baba-2fc75ff4ae47-2-225x300.jpg 225w, https:\/\/grundschule-kleinblittersdorf.de\/wp-content\/uploads\/2024\/04\/8e03bac1-feb5-4654-baba-2fc75ff4ae47-2-1152x1536.jpg 1152w, https:\/\/grundschule-kleinblittersdorf.de\/wp-content\/uploads\/2024\/04\/8e03bac1-feb5-4654-baba-2fc75ff4ae47-2.jpg 1536w\" sizes=\"(max-width: 768px) 100vw, 768px\" \/><\/a><\/figure><\/li><\/ul><\/figure>\n\n\n\n<figure class=\"wp-block-gallery columns-3 is-cropped\"><ul class=\"blocks-gallery-grid\"><li class=\"blocks-gallery-item\"><figure><a href=\"https:\/\/grundschule-kleinblittersdorf.de\/wp-content\/uploads\/2024\/04\/01c8119a-b432-4364-beb4-7a3ca7203853.jpg\"><img loading=\"lazy\" width=\"768\" height=\"1024\" src=\"https:\/\/grundschule-kleinblittersdorf.de\/wp-content\/uploads\/2024\/04\/01c8119a-b432-4364-beb4-7a3ca7203853-768x1024.jpg\" alt=\"\" data-id=\"5164\" data-full-url=\"https:\/\/grundschule-kleinblittersdorf.de\/wp-content\/uploads\/2024\/04\/01c8119a-b432-4364-beb4-7a3ca7203853.jpg\" data-link=\"https:\/\/grundschule-kleinblittersdorf.de\/?attachment_id=5164\" class=\"wp-image-5164\" srcset=\"https:\/\/grundschule-kleinblittersdorf.de\/wp-content\/uploads\/2024\/04\/01c8119a-b432-4364-beb4-7a3ca7203853-768x1024.jpg 768w, https:\/\/grundschule-kleinblittersdorf.de\/wp-content\/uploads\/2024\/04\/01c8119a-b432-4364-beb4-7a3ca7203853-225x300.jpg 225w, https:\/\/grundschule-kleinblittersdorf.de\/wp-content\/uploads\/2024\/04\/01c8119a-b432-4364-beb4-7a3ca7203853-1152x1536.jpg 1152w, https:\/\/grundschule-kleinblittersdorf.de\/wp-content\/uploads\/2024\/04\/01c8119a-b432-4364-beb4-7a3ca7203853.jpg 1536w\" sizes=\"(max-width: 768px) 100vw, 768px\" \/><\/a><\/figure><\/li><li class=\"blocks-gallery-item\"><figure><a href=\"https:\/\/grundschule-kleinblittersdorf.de\/wp-content\/uploads\/2024\/04\/51c300cd-f612-4de0-b420-91ee1f0fca94.jpg\"><img loading=\"lazy\" width=\"768\" height=\"1024\" src=\"https:\/\/grundschule-kleinblittersdorf.de\/wp-content\/uploads\/2024\/04\/51c300cd-f612-4de0-b420-91ee1f0fca94-768x1024.jpg\" alt=\"\" data-id=\"5165\" data-full-url=\"https:\/\/grundschule-kleinblittersdorf.de\/wp-content\/uploads\/2024\/04\/51c300cd-f612-4de0-b420-91ee1f0fca94.jpg\" data-link=\"https:\/\/grundschule-kleinblittersdorf.de\/?attachment_id=5165\" class=\"wp-image-5165\" srcset=\"https:\/\/grundschule-kleinblittersdorf.de\/wp-content\/uploads\/2024\/04\/51c300cd-f612-4de0-b420-91ee1f0fca94-768x1024.jpg 768w, https:\/\/grundschule-kleinblittersdorf.de\/wp-content\/uploads\/2024\/04\/51c300cd-f612-4de0-b420-91ee1f0fca94-225x300.jpg 225w, https:\/\/grundschule-kleinblittersdorf.de\/wp-content\/uploads\/2024\/04\/51c300cd-f612-4de0-b420-91ee1f0fca94-1152x1536.jpg 1152w, https:\/\/grundschule-kleinblittersdorf.de\/wp-content\/uploads\/2024\/04\/51c300cd-f612-4de0-b420-91ee1f0fca94.jpg 1536w\" sizes=\"(max-width: 768px) 100vw, 768px\" \/><\/a><\/figure><\/li><li class=\"blocks-gallery-item\"><figure><a href=\"https:\/\/grundschule-kleinblittersdorf.de\/wp-content\/uploads\/2024\/04\/22284fbd-3a33-4c11-93d2-d36cf80ffc0f.jpg\"><img loading=\"lazy\" width=\"768\" height=\"1024\" src=\"https:\/\/grundschule-kleinblittersdorf.de\/wp-content\/uploads\/2024\/04\/22284fbd-3a33-4c11-93d2-d36cf80ffc0f-768x1024.jpg\" alt=\"\" data-id=\"5166\" data-full-url=\"https:\/\/grundschule-kleinblittersdorf.de\/wp-content\/uploads\/2024\/04\/22284fbd-3a33-4c11-93d2-d36cf80ffc0f.jpg\" data-link=\"https:\/\/grundschule-kleinblittersdorf.de\/?attachment_id=5166\" class=\"wp-image-5166\" srcset=\"https:\/\/grundschule-kleinblittersdorf.de\/wp-content\/uploads\/2024\/04\/22284fbd-3a33-4c11-93d2-d36cf80ffc0f-768x1024.jpg 768w, https:\/\/grundschule-kleinblittersdorf.de\/wp-content\/uploads\/2024\/04\/22284fbd-3a33-4c11-93d2-d36cf80ffc0f-225x300.jpg 225w, https:\/\/grundschule-kleinblittersdorf.de\/wp-content\/uploads\/2024\/04\/22284fbd-3a33-4c11-93d2-d36cf80ffc0f-1152x1536.jpg 1152w, https:\/\/grundschule-kleinblittersdorf.de\/wp-content\/uploads\/2024\/04\/22284fbd-3a33-4c11-93d2-d36cf80ffc0f.jpg 1536w\" sizes=\"(max-width: 768px) 100vw, 768px\" \/><\/a><\/figure><\/li><li class=\"blocks-gallery-item\"><figure><a href=\"https:\/\/grundschule-kleinblittersdorf.de\/wp-content\/uploads\/2024\/04\/cd8cc542-767a-46fc-9c2e-fdb873fd80b9.jpg\"><img loading=\"lazy\" width=\"768\" height=\"1024\" src=\"https:\/\/grundschule-kleinblittersdorf.de\/wp-content\/uploads\/2024\/04\/cd8cc542-767a-46fc-9c2e-fdb873fd80b9-768x1024.jpg\" alt=\"\" data-id=\"5167\" data-full-url=\"https:\/\/grundschule-kleinblittersdorf.de\/wp-content\/uploads\/2024\/04\/cd8cc542-767a-46fc-9c2e-fdb873fd80b9.jpg\" data-link=\"https:\/\/grundschule-kleinblittersdorf.de\/?attachment_id=5167\" class=\"wp-image-5167\" srcset=\"https:\/\/grundschule-kleinblittersdorf.de\/wp-content\/uploads\/2024\/04\/cd8cc542-767a-46fc-9c2e-fdb873fd80b9-768x1024.jpg 768w, https:\/\/grundschule-kleinblittersdorf.de\/wp-content\/uploads\/2024\/04\/cd8cc542-767a-46fc-9c2e-fdb873fd80b9-225x300.jpg 225w, https:\/\/grundschule-kleinblittersdorf.de\/wp-content\/uploads\/2024\/04\/cd8cc542-767a-46fc-9c2e-fdb873fd80b9-1152x1536.jpg 1152w, https:\/\/grundschule-kleinblittersdorf.de\/wp-content\/uploads\/2024\/04\/cd8cc542-767a-46fc-9c2e-fdb873fd80b9.jpg 1536w\" sizes=\"(max-width: 768px) 100vw, 768px\" \/><\/a><\/figure><\/li><li class=\"blocks-gallery-item\"><figure><a href=\"https:\/\/grundschule-kleinblittersdorf.de\/wp-content\/uploads\/2024\/04\/d2e2b989-dca0-41f1-a099-c517f59d1c8b.jpg\"><img loading=\"lazy\" width=\"768\" height=\"1024\" src=\"https:\/\/grundschule-kleinblittersdorf.de\/wp-content\/uploads\/2024\/04\/d2e2b989-dca0-41f1-a099-c517f59d1c8b-768x1024.jpg\" alt=\"\" data-id=\"5168\" data-full-url=\"https:\/\/grundschule-kleinblittersdorf.de\/wp-content\/uploads\/2024\/04\/d2e2b989-dca0-41f1-a099-c517f59d1c8b.jpg\" data-link=\"https:\/\/grundschule-kleinblittersdorf.de\/?attachment_id=5168\" class=\"wp-image-5168\" srcset=\"https:\/\/grundschule-kleinblittersdorf.de\/wp-content\/uploads\/2024\/04\/d2e2b989-dca0-41f1-a099-c517f59d1c8b-768x1024.jpg 768w, https:\/\/grundschule-kleinblittersdorf.de\/wp-content\/uploads\/2024\/04\/d2e2b989-dca0-41f1-a099-c517f59d1c8b-225x300.jpg 225w, https:\/\/grundschule-kleinblittersdorf.de\/wp-content\/uploads\/2024\/04\/d2e2b989-dca0-41f1-a099-c517f59d1c8b-1152x1536.jpg 1152w, https:\/\/grundschule-kleinblittersdorf.de\/wp-content\/uploads\/2024\/04\/d2e2b989-dca0-41f1-a099-c517f59d1c8b.jpg 1536w\" sizes=\"(max-width: 768px) 100vw, 768px\" \/><\/a><\/figure><\/li><\/ul><\/figure>\n\n\n\n<figure class=\"wp-block-gallery columns-3 is-cropped\"><ul class=\"blocks-gallery-grid\"><li class=\"blocks-gallery-item\"><figure><a href=\"https:\/\/grundschule-kleinblittersdorf.de\/wp-content\/uploads\/2024\/03\/3a2bd8e1-a2fd-4403-8884-a6248b42b57a.jpg\"><img loading=\"lazy\" width=\"769\" height=\"1024\" src=\"https:\/\/grundschule-kleinblittersdorf.de\/wp-content\/uploads\/2024\/03\/3a2bd8e1-a2fd-4403-8884-a6248b42b57a-769x1024.jpg\" alt=\"\" data-id=\"5058\" data-full-url=\"https:\/\/grundschule-kleinblittersdorf.de\/wp-content\/uploads\/2024\/03\/3a2bd8e1-a2fd-4403-8884-a6248b42b57a.jpg\" data-link=\"https:\/\/grundschule-kleinblittersdorf.de\/?attachment_id=5058\" class=\"wp-image-5058\" srcset=\"https:\/\/grundschule-kleinblittersdorf.de\/wp-content\/uploads\/2024\/03\/3a2bd8e1-a2fd-4403-8884-a6248b42b57a-769x1024.jpg 769w, https:\/\/grundschule-kleinblittersdorf.de\/wp-content\/uploads\/2024\/03\/3a2bd8e1-a2fd-4403-8884-a6248b42b57a-225x300.jpg 225w, https:\/\/grundschule-kleinblittersdorf.de\/wp-content\/uploads\/2024\/03\/3a2bd8e1-a2fd-4403-8884-a6248b42b57a-768x1023.jpg 768w, https:\/\/grundschule-kleinblittersdorf.de\/wp-content\/uploads\/2024\/03\/3a2bd8e1-a2fd-4403-8884-a6248b42b57a-1153x1536.jpg 1153w, https:\/\/grundschule-kleinblittersdorf.de\/wp-content\/uploads\/2024\/03\/3a2bd8e1-a2fd-4403-8884-a6248b42b57a.jpg 1537w\" sizes=\"(max-width: 769px) 100vw, 769px\" \/><\/a><\/figure><\/li><li class=\"blocks-gallery-item\"><figure><a href=\"https:\/\/grundschule-kleinblittersdorf.de\/wp-content\/uploads\/2024\/03\/4c845003-ff66-45b3-be39-0d0a3bc7aa8e.jpg\"><img loading=\"lazy\" width=\"1024\" height=\"768\" src=\"https:\/\/grundschule-kleinblittersdorf.de\/wp-content\/uploads\/2024\/03\/4c845003-ff66-45b3-be39-0d0a3bc7aa8e-1024x768.jpg\" alt=\"\" data-id=\"5059\" data-full-url=\"https:\/\/grundschule-kleinblittersdorf.de\/wp-content\/uploads\/2024\/03\/4c845003-ff66-45b3-be39-0d0a3bc7aa8e.jpg\" data-link=\"https:\/\/grundschule-kleinblittersdorf.de\/?attachment_id=5059\" class=\"wp-image-5059\" srcset=\"https:\/\/grundschule-kleinblittersdorf.de\/wp-content\/uploads\/2024\/03\/4c845003-ff66-45b3-be39-0d0a3bc7aa8e-1024x768.jpg 1024w, https:\/\/grundschule-kleinblittersdorf.de\/wp-content\/uploads\/2024\/03\/4c845003-ff66-45b3-be39-0d0a3bc7aa8e-300x225.jpg 300w, https:\/\/grundschule-kleinblittersdorf.de\/wp-content\/uploads\/2024\/03\/4c845003-ff66-45b3-be39-0d0a3bc7aa8e-768x576.jpg 768w, https:\/\/grundschule-kleinblittersdorf.de\/wp-content\/uploads\/2024\/03\/4c845003-ff66-45b3-be39-0d0a3bc7aa8e-1536x1152.jpg 1536w, https:\/\/grundschule-kleinblittersdorf.de\/wp-content\/uploads\/2024\/03\/4c845003-ff66-45b3-be39-0d0a3bc7aa8e.jpg 2048w\" sizes=\"(max-width: 1024px) 100vw, 1024px\" \/><\/a><\/figure><\/li><li class=\"blocks-gallery-item\"><figure><a href=\"https:\/\/grundschule-kleinblittersdorf.de\/wp-content\/uploads\/2024\/03\/59cf87bb-f474-4c7f-bfe6-ecfd4a35cf7c.jpg\"><img loading=\"lazy\" width=\"768\" height=\"1024\" src=\"https:\/\/grundschule-kleinblittersdorf.de\/wp-content\/uploads\/2024\/03\/59cf87bb-f474-4c7f-bfe6-ecfd4a35cf7c-768x1024.jpg\" alt=\"\" data-id=\"5060\" data-full-url=\"https:\/\/grundschule-kleinblittersdorf.de\/wp-content\/uploads\/2024\/03\/59cf87bb-f474-4c7f-bfe6-ecfd4a35cf7c.jpg\" data-link=\"https:\/\/grundschule-kleinblittersdorf.de\/?attachment_id=5060\" class=\"wp-image-5060\" srcset=\"https:\/\/grundschule-kleinblittersdorf.de\/wp-content\/uploads\/2024\/03\/59cf87bb-f474-4c7f-bfe6-ecfd4a35cf7c-768x1024.jpg 768w, https:\/\/grundschule-kleinblittersdorf.de\/wp-content\/uploads\/2024\/03\/59cf87bb-f474-4c7f-bfe6-ecfd4a35cf7c-225x300.jpg 225w, https:\/\/grundschule-kleinblittersdorf.de\/wp-content\/uploads\/2024\/03\/59cf87bb-f474-4c7f-bfe6-ecfd4a35cf7c-1152x1536.jpg 1152w, https:\/\/grundschule-kleinblittersdorf.de\/wp-content\/uploads\/2024\/03\/59cf87bb-f474-4c7f-bfe6-ecfd4a35cf7c.jpg 1536w\" sizes=\"(max-width: 768px) 100vw, 768px\" \/><\/a><\/figure><\/li><li class=\"blocks-gallery-item\"><figure><a href=\"https:\/\/grundschule-kleinblittersdorf.de\/wp-content\/uploads\/2024\/03\/806e706c-ce3b-47d5-b610-b569b54680ef.jpg\"><img loading=\"lazy\" width=\"768\" height=\"1024\" src=\"https:\/\/grundschule-kleinblittersdorf.de\/wp-content\/uploads\/2024\/03\/806e706c-ce3b-47d5-b610-b569b54680ef-768x1024.jpg\" alt=\"\" data-id=\"5061\" data-full-url=\"https:\/\/grundschule-kleinblittersdorf.de\/wp-content\/uploads\/2024\/03\/806e706c-ce3b-47d5-b610-b569b54680ef.jpg\" data-link=\"https:\/\/grundschule-kleinblittersdorf.de\/?attachment_id=5061\" class=\"wp-image-5061\" srcset=\"https:\/\/grundschule-kleinblittersdorf.de\/wp-content\/uploads\/2024\/03\/806e706c-ce3b-47d5-b610-b569b54680ef-768x1024.jpg 768w, https:\/\/grundschule-kleinblittersdorf.de\/wp-content\/uploads\/2024\/03\/806e706c-ce3b-47d5-b610-b569b54680ef-225x300.jpg 225w, https:\/\/grundschule-kleinblittersdorf.de\/wp-content\/uploads\/2024\/03\/806e706c-ce3b-47d5-b610-b569b54680ef-1152x1536.jpg 1152w, https:\/\/grundschule-kleinblittersdorf.de\/wp-content\/uploads\/2024\/03\/806e706c-ce3b-47d5-b610-b569b54680ef.jpg 1536w\" sizes=\"(max-width: 768px) 100vw, 768px\" \/><\/a><\/figure><\/li><li class=\"blocks-gallery-item\"><figure><a href=\"https:\/\/grundschule-kleinblittersdorf.de\/wp-content\/uploads\/2024\/03\/1744a1ab-312a-4df7-b503-48080ffe2bda.jpg\"><img loading=\"lazy\" width=\"768\" height=\"1024\" src=\"https:\/\/grundschule-kleinblittersdorf.de\/wp-content\/uploads\/2024\/03\/1744a1ab-312a-4df7-b503-48080ffe2bda-768x1024.jpg\" alt=\"\" data-id=\"5062\" data-full-url=\"https:\/\/grundschule-kleinblittersdorf.de\/wp-content\/uploads\/2024\/03\/1744a1ab-312a-4df7-b503-48080ffe2bda.jpg\" data-link=\"https:\/\/grundschule-kleinblittersdorf.de\/?attachment_id=5062\" class=\"wp-image-5062\" srcset=\"https:\/\/grundschule-kleinblittersdorf.de\/wp-content\/uploads\/2024\/03\/1744a1ab-312a-4df7-b503-48080ffe2bda-768x1024.jpg 768w, https:\/\/grundschule-kleinblittersdorf.de\/wp-content\/uploads\/2024\/03\/1744a1ab-312a-4df7-b503-48080ffe2bda-225x300.jpg 225w, https:\/\/grundschule-kleinblittersdorf.de\/wp-content\/uploads\/2024\/03\/1744a1ab-312a-4df7-b503-48080ffe2bda-1152x1536.jpg 1152w, https:\/\/grundschule-kleinblittersdorf.de\/wp-content\/uploads\/2024\/03\/1744a1ab-312a-4df7-b503-48080ffe2bda.jpg 1536w\" sizes=\"(max-width: 768px) 100vw, 768px\" \/><\/a><\/figure><\/li><li class=\"blocks-gallery-item\"><figure><a href=\"https:\/\/grundschule-kleinblittersdorf.de\/wp-content\/uploads\/2024\/03\/5825208e-6238-4dbf-8186-8cf43849ab61.jpg\"><img loading=\"lazy\" width=\"768\" height=\"1024\" src=\"https:\/\/grundschule-kleinblittersdorf.de\/wp-content\/uploads\/2024\/03\/5825208e-6238-4dbf-8186-8cf43849ab61-768x1024.jpg\" alt=\"\" data-id=\"5063\" data-full-url=\"https:\/\/grundschule-kleinblittersdorf.de\/wp-content\/uploads\/2024\/03\/5825208e-6238-4dbf-8186-8cf43849ab61.jpg\" data-link=\"https:\/\/grundschule-kleinblittersdorf.de\/?attachment_id=5063\" class=\"wp-image-5063\" srcset=\"https:\/\/grundschule-kleinblittersdorf.de\/wp-content\/uploads\/2024\/03\/5825208e-6238-4dbf-8186-8cf43849ab61-768x1024.jpg 768w, https:\/\/grundschule-kleinblittersdorf.de\/wp-content\/uploads\/2024\/03\/5825208e-6238-4dbf-8186-8cf43849ab61-225x300.jpg 225w, https:\/\/grundschule-kleinblittersdorf.de\/wp-content\/uploads\/2024\/03\/5825208e-6238-4dbf-8186-8cf43849ab61-1152x1536.jpg 1152w, https:\/\/grundschule-kleinblittersdorf.de\/wp-content\/uploads\/2024\/03\/5825208e-6238-4dbf-8186-8cf43849ab61.jpg 1536w\" sizes=\"(max-width: 768px) 100vw, 768px\" \/><\/a><\/figure><\/li><li class=\"blocks-gallery-item\"><figure><a href=\"https:\/\/grundschule-kleinblittersdorf.de\/wp-content\/uploads\/2024\/03\/b6521250-eac3-49ff-a38a-60d4172f4c53.jpg\"><img loading=\"lazy\" width=\"768\" height=\"1024\" src=\"https:\/\/grundschule-kleinblittersdorf.de\/wp-content\/uploads\/2024\/03\/b6521250-eac3-49ff-a38a-60d4172f4c53-768x1024.jpg\" alt=\"\" data-id=\"5065\" data-full-url=\"https:\/\/grundschule-kleinblittersdorf.de\/wp-content\/uploads\/2024\/03\/b6521250-eac3-49ff-a38a-60d4172f4c53.jpg\" data-link=\"https:\/\/grundschule-kleinblittersdorf.de\/?attachment_id=5065\" class=\"wp-image-5065\" srcset=\"https:\/\/grundschule-kleinblittersdorf.de\/wp-content\/uploads\/2024\/03\/b6521250-eac3-49ff-a38a-60d4172f4c53-768x1024.jpg 768w, https:\/\/grundschule-kleinblittersdorf.de\/wp-content\/uploads\/2024\/03\/b6521250-eac3-49ff-a38a-60d4172f4c53-225x300.jpg 225w, https:\/\/grundschule-kleinblittersdorf.de\/wp-content\/uploads\/2024\/03\/b6521250-eac3-49ff-a38a-60d4172f4c53-1152x1536.jpg 1152w, https:\/\/grundschule-kleinblittersdorf.de\/wp-content\/uploads\/2024\/03\/b6521250-eac3-49ff-a38a-60d4172f4c53.jpg 1536w\" sizes=\"(max-width: 768px) 100vw, 768px\" \/><\/a><\/figure><\/li><\/ul><\/figure>\n\n\n\n<div class=\"wp-block-image\"><figure class=\"aligncenter size-large\"><a href=\"https:\/\/grundschule-kleinblittersdorf.de\/wp-content\/uploads\/2024\/01\/IMG_8868-scaled.jpeg\"><img alt=\"\"\/><\/a><\/figure><\/div>\n\n\n\n<figure class=\"wp-block-image\"><img alt=\"\"\/><\/figure>\n","protected":false},"excerpt":{"rendered":"<p>Die freiwillige Nachmittagsbetreuung mit Mittagessen wird von der Caritas getragen. Die Hausaufgabenbetreuung mit einer Lehrperson pro Gruppe findet im Zeitraum von 14:00 bis 15:00 Uhr statt. Sch\u00fcler k\u00f6nnen w\u00e4hrend der Hausaufgabenzeit nicht abgeholt werden. Die Betreuung endet um 17:00 Uhr. Das Mittagessen wird von den Barmherzigen Br\u00fcdern geliefert. Abbestellungen vom Essen (bei Krankheit des Kindes) [&hellip;]<\/p>\n","protected":false},"author":1,"featured_media":0,"parent":0,"menu_order":3,"comment_status":"closed","ping_status":"closed","template":"","meta":[],"_links":{"self":[{"href":"https:\/\/grundschule-kleinblittersdorf.de\/index.php?rest_route=\/wp\/v2\/pages\/14"}],"collection":[{"href":"https:\/\/grundschule-kleinblittersdorf.de\/index.php?rest_route=\/wp\/v2\/pages"}],"about":[{"href":"https:\/\/grundschule-kleinblittersdorf.de\/index.php?rest_route=\/wp\/v2\/types\/page"}],"author":[{"embeddable":true,"href":"https:\/\/grundschule-kleinblittersdorf.de\/index.php?rest_route=\/wp\/v2\/users\/1"}],"replies":[{"embeddable":true,"href":"https:\/\/grundschule-kleinblittersdorf.de\/index.php?rest_route=%2Fwp%2Fv2%2Fcomments&post=14"}],"version-history":[{"count":120,"href":"https:\/\/grundschule-kleinblittersdorf.de\/index.php?rest_route=\/wp\/v2\/pages\/14\/revisions"}],"predecessor-version":[{"id":5551,"href":"https:\/\/grundschule-kleinblittersdorf.de\/index.php?rest_route=\/wp\/v2\/pages\/14\/revisions\/5551"}],"wp:attachment":[{"href":"https:\/\/grundschule-kleinblittersdorf.de\/index.php?rest_route=%2Fwp%2Fv2%2Fmedia&parent=14"}],"curies":[{"name":"wp","href":"https:\/\/api.w.org\/{rel}","templated":true}]}}